{"id":961,"date":"2024-08-19T10:18:01","date_gmt":"2024-08-19T09:18:01","guid":{"rendered":"https:\/\/islas24.info\/?post_type=product&#038;p=961"},"modified":"2024-08-19T13:07:21","modified_gmt":"2024-08-19T12:07:21","slug":"reclamar-sitio","status":"publish","type":"product","link":"https:\/\/islas24.info\/hu\/product\/reclamar-sitio\/","title":{"rendered":"Ig\u00e9nyeljen helyet"},"content":{"rendered":"<p>Tulajdonos n\u00e9lk\u00fcli oldal ig\u00e9nyl\u00e9se.<\/p>","protected":false},"excerpt":{"rendered":"<p class=\"first-token\" data-sourcepos=\"1:1-1:10\">Ig\u00e9nyelje \u00e9s szerkessze v\u00e1llalkoz\u00e1s\u00e1t<\/p>\n<p data-sourcepos=\"3:1-3:94\">Lehets\u00e9ges, hogy az \u00d6n c\u00e9g\u00e9nek adatait m\u00e1r valaki m\u00e1s felt\u00f6lt\u00f6tte az Islas24-re - ne agg\u00f3djon! Ezzel a funkci\u00f3val k\u00f6nnyed\u00e9n visszaszerezheti \u00e9s \u00e1tveheti az ir\u00e1ny\u00edt\u00e1st az \u00fczleti oldala felett.<\/p>\n<p data-sourcepos=\"5:1-5:18\"><strong>Hogyan m\u0171k\u00f6dik:<\/strong><\/p>\n<ul data-sourcepos=\"7:1-7:15\">\n<li data-sourcepos=\"7:1-7:15\"><strong>\u00c1ll\u00edt\u00e1s:<\/strong> Keresse meg \u00fczleti oldal\u00e1t az Islas24-en.<\/li>\n<li data-sourcepos=\"8:1-8:95\"><strong>K\u00fcldje el jelentkez\u00e9s\u00e9t:<\/strong> Kattintson az \"Ig\u00e9nyl\u00e9s\" vagy hasonl\u00f3 gombra, \u00e9s k\u00f6vesse az utas\u00edt\u00e1sokat.<\/li>\n<li data-sourcepos=\"9:1-9:165\"><strong>Ellen\u0151rizze a tulajdonjogot:<\/strong> A rendszer bizonyos adatok megad\u00e1s\u00e1ra k\u00e9ri \u00d6nt annak igazol\u00e1s\u00e1ra, hogy \u00d6n a v\u00e1llalkoz\u00e1s tulajdonosa vagy meghatalmazott k\u00e9pvisel\u0151je.<\/li>\n<li data-sourcepos=\"10:1-11:0\"><strong>Vedd \u00e1t az ir\u00e1ny\u00edt\u00e1st:<\/strong> Miut\u00e1n ellen\u0151rizte, hozz\u00e1f\u00e9rhet az oldal szerkeszt\u00e9s\u00e9hez.<\/li>\n<\/ul>\n<p data-sourcepos=\"12:1-12:15\"><strong>El\u0151ny\u00f6k:<\/strong><\/p>\n<ul data-sourcepos=\"14:1-17:0\">\n<li data-sourcepos=\"14:1-14:87\"><strong>Teljes ellen\u0151rz\u00e9s:<\/strong> \u00d6n d\u00f6nti el, hogy milyen inform\u00e1ci\u00f3k jelennek meg v\u00e1llalkoz\u00e1s\u00e1r\u00f3l az Islas24-en.<\/li>\n<li data-sourcepos=\"15:1-15:154\"><strong>Friss\u00edtett adatok:<\/strong> Az el\u00e9rhet\u0151s\u00e9gi adatokat, szolg\u00e1ltat\u00e1sokat, nyitvatart\u00e1si id\u0151t \u00e9s egy\u00e9b fontos r\u00e9szleteket b\u00e1rmikor friss\u00edtheti.<\/li>\n<li data-sourcepos=\"16:1-17:0\"><strong>Hiteless\u00e9g:<\/strong> Ha \u00d6n maga kezeli a webhelyet, biztos\u00edthatja, hogy a potenci\u00e1lis \u00fcgyfelek pontos \u00e9s megb\u00edzhat\u00f3 inform\u00e1ci\u00f3kat kapjanak v\u00e1llalkoz\u00e1s\u00e1r\u00f3l.<\/li>\n<\/ul>\n<p data-sourcepos=\"18:1-18:104\">Ne hagyja, hogy m\u00e1sok d\u00f6nts\u00e9k el, hogyan jelenjen meg v\u00e1llalkoz\u00e1sa az interneten! Ig\u00e9nyelje \u00e9s szerkessze oldal\u00e1t m\u00e9g ma!<\/p>","protected":false},"featured_media":962,"template":"","meta":{"_uag_custom_page_level_css":""},"product_brand":[],"product_cat":[53],"product_tag":[],"class_list":{"0":"post-961","1":"product","2":"type-product","3":"status-publish","4":"has-post-thumbnail","6":"product_cat-sin-categoria","8":"first","9":"instock","10":"virtual","11":"purchasable","12":"product-type-simple"},"yoast_head":"<!-- This site is optimized with the Yoast SEO Premium plugin v27.3 (Yoast SEO v27.3) - https:\/\/yoast.com\/product\/yoast-seo-premium-wordpress\/ -->\n<title>Reclamar sitio - Islas24 info<\/title>\n<meta name=\"robots\" content=\"index, follow, max-snippet:-1, max-image-preview:large, max-video-preview:-1\" \/>\n<link rel=\"canonical\" href=\"https:\/\/islas24.info\/hu\/product\/reclamar-sitio\/\" \/>\n<meta property=\"og:locale\" content=\"hu_HU\" \/>\n<meta property=\"og:type\" content=\"article\" \/>\n<meta property=\"og:title\" content=\"Reclamar sitio\" \/>\n<meta property=\"og:description\" content=\"Reclamar y Editar tu Negocio Es posible que los datos de tu empresa ya hayan sido cargados en Islas24 por otra persona. \u00a1No te preocupes! Con esta funci\u00f3n, puedes reclamar y tomar el control de la p\u00e1gina de tu negocio de manera sencilla. C\u00f3mo funciona:    Reclamar: Busca la p\u00e1gina de tu negocio en Islas24.  Enviar la solicitud: Haz clic en el bot\u00f3n &quot;Reclamar&quot; o similar y sigue las instrucciones.  Verificar la propiedad: El sistema te pedir\u00e1 que proporciones cierta informaci\u00f3n para verificar que eres el propietario o representante autorizado del negocio.  Toma el control: Una vez verificado, tendr\u00e1s acceso para editar la p\u00e1gina.  Beneficios:    Control total: T\u00fa decides qu\u00e9 informaci\u00f3n se muestra sobre tu negocio en Islas24.  Datos actualizados: Puedes actualizar la informaci\u00f3n de contacto, servicios, horarios de apertura y otros detalles importantes en cualquier momento.  Credibilidad: Al gestionar t\u00fa mismo la p\u00e1gina, garantizas que los clientes potenciales reciban informaci\u00f3n precisa y confiable sobre tu negocio.  \u00a1No dejes que otros decidan c\u00f3mo se presenta tu negocio en l\u00ednea! \u00a1Reclama y edita tu p\u00e1gina hoy mismo!\" \/>\n<meta property=\"og:url\" content=\"https:\/\/islas24.info\/hu\/product\/reclamar-sitio\/\" \/>\n<meta property=\"og:site_name\" content=\"Islas24 info\" \/>\n<meta property=\"article:publisher\" content=\"https:\/\/www.facebook.com\/islas24.info\" \/>\n<meta property=\"article:modified_time\" content=\"2024-08-19T12:07:21+00:00\" \/>\n<meta property=\"og:image\" content=\"https:\/\/islas24.info\/wp-content\/uploads\/2024\/08\/claim.png\" \/>\n\t<meta property=\"og:image:width\" content=\"512\" \/>\n\t<meta property=\"og:image:height\" content=\"512\" \/>\n\t<meta property=\"og:image:type\" content=\"image\/png\" \/>\n<script type=\"application\/ld+json\" class=\"yoast-schema-graph\">{\"@context\":\"https:\\\/\\\/schema.org\",\"@graph\":[{\"@type\":\"WebPage\",\"@id\":\"https:\\\/\\\/islas24.info\\\/product\\\/reclamar-sitio\\\/\",\"url\":\"https:\\\/\\\/islas24.info\\\/product\\\/reclamar-sitio\\\/\",\"name\":\"Reclamar sitio - Islas24 info\",\"isPartOf\":{\"@id\":\"https:\\\/\\\/islas24.info\\\/#website\"},\"primaryImageOfPage\":{\"@id\":\"https:\\\/\\\/islas24.info\\\/product\\\/reclamar-sitio\\\/#primaryimage\"},\"image\":{\"@id\":\"https:\\\/\\\/islas24.info\\\/product\\\/reclamar-sitio\\\/#primaryimage\"},\"thumbnailUrl\":\"https:\\\/\\\/islas24.info\\\/wp-content\\\/uploads\\\/2024\\\/08\\\/claim.png\",\"datePublished\":\"2024-08-19T09:18:01+00:00\",\"dateModified\":\"2024-08-19T12:07:21+00:00\",\"breadcrumb\":{\"@id\":\"https:\\\/\\\/islas24.info\\\/product\\\/reclamar-sitio\\\/#breadcrumb\"},\"inLanguage\":\"hu\",\"potentialAction\":[{\"@type\":\"ReadAction\",\"target\":[\"https:\\\/\\\/islas24.info\\\/product\\\/reclamar-sitio\\\/\"]}]},{\"@type\":\"ImageObject\",\"inLanguage\":\"hu\",\"@id\":\"https:\\\/\\\/islas24.info\\\/product\\\/reclamar-sitio\\\/#primaryimage\",\"url\":\"https:\\\/\\\/islas24.info\\\/wp-content\\\/uploads\\\/2024\\\/08\\\/claim.png\",\"contentUrl\":\"https:\\\/\\\/islas24.info\\\/wp-content\\\/uploads\\\/2024\\\/08\\\/claim.png\",\"width\":512,\"height\":512},{\"@type\":\"BreadcrumbList\",\"@id\":\"https:\\\/\\\/islas24.info\\\/product\\\/reclamar-sitio\\\/#breadcrumb\",\"itemListElement\":[{\"@type\":\"ListItem\",\"position\":1,\"name\":\"Inicio\",\"item\":\"https:\\\/\\\/islas24.info\\\/\"},{\"@type\":\"ListItem\",\"position\":2,\"name\":\"Mi Isla &#8211; opciones\",\"item\":\"https:\\\/\\\/islas24.info\\\/opciones\\\/\"},{\"@type\":\"ListItem\",\"position\":3,\"name\":\"Reclamar sitio\"}]},{\"@type\":\"WebSite\",\"@id\":\"https:\\\/\\\/islas24.info\\\/#website\",\"url\":\"https:\\\/\\\/islas24.info\\\/\",\"name\":\"Islas24.info\",\"description\":\"Encuentra lo que buscas\",\"publisher\":{\"@id\":\"https:\\\/\\\/islas24.info\\\/#organization\"},\"potentialAction\":[{\"@type\":\"SearchAction\",\"target\":{\"@type\":\"EntryPoint\",\"urlTemplate\":\"https:\\\/\\\/islas24.info\\\/?s={search_term_string}\"},\"query-input\":{\"@type\":\"PropertyValueSpecification\",\"valueRequired\":true,\"valueName\":\"search_term_string\"}}],\"inLanguage\":\"hu\"},{\"@type\":\"Organization\",\"@id\":\"https:\\\/\\\/islas24.info\\\/#organization\",\"name\":\"Islas24.info\",\"url\":\"https:\\\/\\\/islas24.info\\\/\",\"logo\":{\"@type\":\"ImageObject\",\"inLanguage\":\"hu\",\"@id\":\"https:\\\/\\\/islas24.info\\\/#\\\/schema\\\/logo\\\/image\\\/\",\"url\":\"https:\\\/\\\/islas24.info\\\/wp-content\\\/uploads\\\/2024\\\/06\\\/islas24.info_es.png\",\"contentUrl\":\"https:\\\/\\\/islas24.info\\\/wp-content\\\/uploads\\\/2024\\\/06\\\/islas24.info_es.png\",\"width\":354,\"height\":80,\"caption\":\"Islas24.info\"},\"image\":{\"@id\":\"https:\\\/\\\/islas24.info\\\/#\\\/schema\\\/logo\\\/image\\\/\"},\"sameAs\":[\"https:\\\/\\\/www.facebook.com\\\/islas24.info\",\"https:\\\/\\\/www.instagram.com\\\/islas24info\"],\"publishingPrinciples\":\"https:\\\/\\\/islas24.info\\\/aviso-legal\\\/\",\"ownershipFundingInfo\":\"https:\\\/\\\/islas24.info\\\/aviso-legal\\\/\",\"actionableFeedbackPolicy\":\"https:\\\/\\\/islas24.info\\\/aviso-legal\\\/\"}]}<\/script>\n<!-- \/ Yoast SEO Premium plugin. -->","yoast_head_json":{"title":"Reclamar sitio - Islas24 info","robots":{"index":"index","follow":"follow","max-snippet":"max-snippet:-1","max-image-preview":"max-image-preview:large","max-video-preview":"max-video-preview:-1"},"canonical":"https:\/\/islas24.info\/hu\/product\/reclamar-sitio\/","og_locale":"hu_HU","og_type":"article","og_title":"Reclamar sitio","og_description":"Reclamar y Editar tu Negocio Es posible que los datos de tu empresa ya hayan sido cargados en Islas24 por otra persona. \u00a1No te preocupes! Con esta funci\u00f3n, puedes reclamar y tomar el control de la p\u00e1gina de tu negocio de manera sencilla. C\u00f3mo funciona:    Reclamar: Busca la p\u00e1gina de tu negocio en Islas24.  Enviar la solicitud: Haz clic en el bot\u00f3n \"Reclamar\" o similar y sigue las instrucciones.  Verificar la propiedad: El sistema te pedir\u00e1 que proporciones cierta informaci\u00f3n para verificar que eres el propietario o representante autorizado del negocio.  Toma el control: Una vez verificado, tendr\u00e1s acceso para editar la p\u00e1gina.  Beneficios:    Control total: T\u00fa decides qu\u00e9 informaci\u00f3n se muestra sobre tu negocio en Islas24.  Datos actualizados: Puedes actualizar la informaci\u00f3n de contacto, servicios, horarios de apertura y otros detalles importantes en cualquier momento.  Credibilidad: Al gestionar t\u00fa mismo la p\u00e1gina, garantizas que los clientes potenciales reciban informaci\u00f3n precisa y confiable sobre tu negocio.  \u00a1No dejes que otros decidan c\u00f3mo se presenta tu negocio en l\u00ednea! \u00a1Reclama y edita tu p\u00e1gina hoy mismo!","og_url":"https:\/\/islas24.info\/hu\/product\/reclamar-sitio\/","og_site_name":"Islas24 info","article_publisher":"https:\/\/www.facebook.com\/islas24.info","article_modified_time":"2024-08-19T12:07:21+00:00","og_image":[{"width":512,"height":512,"url":"https:\/\/islas24.info\/wp-content\/uploads\/2024\/08\/claim.png","type":"image\/png"}],"schema":{"@context":"https:\/\/schema.org","@graph":[{"@type":"WebPage","@id":"https:\/\/islas24.info\/product\/reclamar-sitio\/","url":"https:\/\/islas24.info\/product\/reclamar-sitio\/","name":"Reclamar sitio - Islas24 info","isPartOf":{"@id":"https:\/\/islas24.info\/#website"},"primaryImageOfPage":{"@id":"https:\/\/islas24.info\/product\/reclamar-sitio\/#primaryimage"},"image":{"@id":"https:\/\/islas24.info\/product\/reclamar-sitio\/#primaryimage"},"thumbnailUrl":"https:\/\/islas24.info\/wp-content\/uploads\/2024\/08\/claim.png","datePublished":"2024-08-19T09:18:01+00:00","dateModified":"2024-08-19T12:07:21+00:00","breadcrumb":{"@id":"https:\/\/islas24.info\/product\/reclamar-sitio\/#breadcrumb"},"inLanguage":"hu","potentialAction":[{"@type":"ReadAction","target":["https:\/\/islas24.info\/product\/reclamar-sitio\/"]}]},{"@type":"ImageObject","inLanguage":"hu","@id":"https:\/\/islas24.info\/product\/reclamar-sitio\/#primaryimage","url":"https:\/\/islas24.info\/wp-content\/uploads\/2024\/08\/claim.png","contentUrl":"https:\/\/islas24.info\/wp-content\/uploads\/2024\/08\/claim.png","width":512,"height":512},{"@type":"BreadcrumbList","@id":"https:\/\/islas24.info\/product\/reclamar-sitio\/#breadcrumb","itemListElement":[{"@type":"ListItem","position":1,"name":"Inicio","item":"https:\/\/islas24.info\/"},{"@type":"ListItem","position":2,"name":"Mi Isla &#8211; opciones","item":"https:\/\/islas24.info\/opciones\/"},{"@type":"ListItem","position":3,"name":"Reclamar sitio"}]},{"@type":"WebSite","@id":"https:\/\/islas24.info\/#website","url":"https:\/\/islas24.info\/","name":"Islas24.info","description":"Tal\u00e1lja meg, amit keres","publisher":{"@id":"https:\/\/islas24.info\/#organization"},"potentialAction":[{"@type":"SearchAction","target":{"@type":"EntryPoint","urlTemplate":"https:\/\/islas24.info\/?s={search_term_string}"},"query-input":{"@type":"PropertyValueSpecification","valueRequired":true,"valueName":"search_term_string"}}],"inLanguage":"hu"},{"@type":"Organization","@id":"https:\/\/islas24.info\/#organization","name":"Islas24.info","url":"https:\/\/islas24.info\/","logo":{"@type":"ImageObject","inLanguage":"hu","@id":"https:\/\/islas24.info\/#\/schema\/logo\/image\/","url":"https:\/\/islas24.info\/wp-content\/uploads\/2024\/06\/islas24.info_es.png","contentUrl":"https:\/\/islas24.info\/wp-content\/uploads\/2024\/06\/islas24.info_es.png","width":354,"height":80,"caption":"Islas24.info"},"image":{"@id":"https:\/\/islas24.info\/#\/schema\/logo\/image\/"},"sameAs":["https:\/\/www.facebook.com\/islas24.info","https:\/\/www.instagram.com\/islas24info"],"publishingPrinciples":"https:\/\/islas24.info\/aviso-legal\/","ownershipFundingInfo":"https:\/\/islas24.info\/aviso-legal\/","actionableFeedbackPolicy":"https:\/\/islas24.info\/aviso-legal\/"}]}},"uagb_featured_image_src":{"full":["https:\/\/islas24.info\/wp-content\/uploads\/2024\/08\/claim.png",512,512,false],"thumbnail":["https:\/\/islas24.info\/wp-content\/uploads\/2024\/08\/claim-150x150.png",150,150,true],"medium":["https:\/\/islas24.info\/wp-content\/uploads\/2024\/08\/claim-300x300.png",300,300,true],"medium_large":["https:\/\/islas24.info\/wp-content\/uploads\/2024\/08\/claim.png",512,512,false],"large":["https:\/\/islas24.info\/wp-content\/uploads\/2024\/08\/claim.png",512,512,false],"1536x1536":["https:\/\/islas24.info\/wp-content\/uploads\/2024\/08\/claim.png",512,512,false],"2048x2048":["https:\/\/islas24.info\/wp-content\/uploads\/2024\/08\/claim.png",512,512,false],"trp-custom-language-flag":["https:\/\/islas24.info\/wp-content\/uploads\/2024\/08\/claim-12x12.png",12,12,true],"hp_square_small":["https:\/\/islas24.info\/wp-content\/uploads\/2024\/08\/claim-400x400.png",400,400,true],"hp_landscape_small":["https:\/\/islas24.info\/wp-content\/uploads\/2024\/08\/claim-400x300.png",400,300,true],"hp_landscape_large":["https:\/\/islas24.info\/wp-content\/uploads\/2024\/08\/claim.png",512,512,false],"ht_portrait_small":["https:\/\/islas24.info\/wp-content\/uploads\/2024\/08\/claim-400x512.png",400,512,true],"ht_landscape_large":["https:\/\/islas24.info\/wp-content\/uploads\/2024\/08\/claim-512x450.png",512,450,true],"ht_cover_large":["https:\/\/islas24.info\/wp-content\/uploads\/2024\/08\/claim.png",512,512,false],"woocommerce_thumbnail":["https:\/\/islas24.info\/wp-content\/uploads\/2024\/08\/claim-400x400.png",400,400,true],"woocommerce_single":["https:\/\/islas24.info\/wp-content\/uploads\/2024\/08\/claim.png",512,512,false],"woocommerce_gallery_thumbnail":["https:\/\/islas24.info\/wp-content\/uploads\/2024\/08\/claim-100x100.png",100,100,true]},"uagb_author_info":{"display_name":"Islas24","author_link":"https:\/\/islas24.info\/hu\/author\/"},"uagb_comment_info":0,"uagb_excerpt":"Reclamar y Editar tu Negocio Es posible que los datos de tu empresa ya hayan sido cargados en Islas24 por otra persona. \u00a1No te preocupes! Con esta funci\u00f3n, puedes reclamar y tomar el control de la p\u00e1gina de tu negocio de manera sencilla. C\u00f3mo funciona: Reclamar: Busca la p\u00e1gina de tu negocio en Islas24. Enviar&hellip;","_links":{"self":[{"href":"https:\/\/islas24.info\/hu\/wp-json\/wp\/v2\/product\/961","targetHints":{"allow":["GET"]}}],"collection":[{"href":"https:\/\/islas24.info\/hu\/wp-json\/wp\/v2\/product"}],"about":[{"href":"https:\/\/islas24.info\/hu\/wp-json\/wp\/v2\/types\/product"}],"wp:featuredmedia":[{"embeddable":true,"href":"https:\/\/islas24.info\/hu\/wp-json\/wp\/v2\/media\/962"}],"wp:attachment":[{"href":"https:\/\/islas24.info\/hu\/wp-json\/wp\/v2\/media?parent=961"}],"wp:term":[{"taxonomy":"product_brand","embeddable":true,"href":"https:\/\/islas24.info\/hu\/wp-json\/wp\/v2\/product_brand?post=961"},{"taxonomy":"product_cat","embeddable":true,"href":"https:\/\/islas24.info\/hu\/wp-json\/wp\/v2\/product_cat?post=961"},{"taxonomy":"product_tag","embeddable":true,"href":"https:\/\/islas24.info\/hu\/wp-json\/wp\/v2\/product_tag?post=961"}],"curies":[{"name":"wp","href":"https:\/\/api.w.org\/{rel}","templated":true}]}}