{"id":863,"date":"2024-08-17T11:44:39","date_gmt":"2024-08-17T10:44:39","guid":{"rendered":"https:\/\/islas24.info\/disclaimer\/"},"modified":"2025-05-07T15:20:35","modified_gmt":"2025-05-07T14:20:35","slug":"disclaimer","status":"publish","type":"page","link":"https:\/\/islas24.info\/hu\/disclaimer\/","title":{"rendered":"Felel\u0151ss\u00e9gi nyilatkozat"},"content":{"rendered":"<!-- Legal document generated by Complianz | GDPR\/CCPA Cookie Consent https:\/\/wordpress.org\/plugins\/complianz-gdpr -->\n<div id=\"cmplz-document\" class=\"cmplz-document disclaimer cmplz-document-all\"><p>Trojak Eszter elk\u00f6telezett amellett, hogy ezt a weboldalt naprak\u00e9szen \u00e9s pontosan tartsa. Amennyiben m\u00e9gis hib\u00e1s vagy elavult inform\u00e1ci\u00f3val tal\u00e1lkozna, k\u00e9rj\u00fck, jelezze nek\u00fcnk. K\u00e9rj\u00fck, jelezze, hogy a weboldalon hol olvasta az inform\u00e1ci\u00f3t. Ezt k\u00f6vet\u0151en a lehet\u0151 leghamarabb ut\u00e1nan\u00e9z\u00fcnk. K\u00e9rj\u00fck, hogy v\u00e1lasz\u00e1t a to:,info@,ex.com,islas24.info e-mail c\u00edmen k\u00fcldje el. <span class=\"cmplz-obfuscate\">info@<span class=\"cmplz-fmail-domain\">ex.com<\/span>islas24.info<\/span>.<\/p><p>Nem v\u00e1llalunk felel\u0151ss\u00e9get a pontatlans\u00e1gokb\u00f3l vagy hi\u00e1nyoss\u00e1gokb\u00f3l ered\u0151 vesztes\u00e9gek\u00e9rt, sem az olyan vesztes\u00e9gek\u00e9rt, amelyek az inform\u00e1ci\u00f3 interneten kereszt\u00fcl t\u00f6rt\u00e9n\u0151 terjeszt\u00e9se \u00e1ltal okozott vagy azzal egy\u00fctt j\u00e1r\u00f3 probl\u00e9m\u00e1kb\u00f3l, p\u00e9ld\u00e1ul megszak\u00edt\u00e1sokb\u00f3l vagy fennakad\u00e1sokb\u00f3l erednek. A webes \u0171rlapok haszn\u00e1lata sor\u00e1n igyeksz\u00fcnk a sz\u00fcks\u00e9ges mez\u0151k sz\u00e1m\u00e1t a lehet\u0151 legkisebbre korl\u00e1tozni. A Trojak Eszter \u00e1ltal vagy nev\u00e9ben e weboldalon kereszt\u00fcl ny\u00fajtott adatok, tan\u00e1csok vagy \u00f6tletek felhaszn\u00e1l\u00e1sa k\u00f6vetkezt\u00e9ben elszenvedett vesztes\u00e9gek\u00e9rt Trojak Eszter nem v\u00e1llal felel\u0151ss\u00e9get.<\/p><p>A weboldal \u00e9s annak minden \u00f6sszetev\u0151j\u00e9nek (bele\u00e9rtve a f\u00f3rumokat is) haszn\u00e1lata a k\u00f6vetkez\u0151 felt\u00e9telekkel t\u00f6rt\u00e9nik <a href=\"https:\/\/islas24.info\/es\/aviso-legal\/\" target=\"_blank\">haszn\u00e1lati felt\u00e9telek<\/a>. A weboldal puszta haszn\u00e1lata felt\u00e9telezi a jelen felhaszn\u00e1l\u00e1si felt\u00e9telek ismeret\u00e9t \u00e9s elfogad\u00e1s\u00e1t.<\/p><p>Az e-mailben vagy webes \u0171rlapon k\u00fcld\u00f6tt v\u00e1laszokat \u00e9s adatv\u00e9delmi k\u00e9rd\u00e9seket ugyan\u00fagy kezelj\u00fck, mint a leveleket. Ez azt jelenti, hogy legk\u00e9s\u0151bb 1 h\u00f3napon bel\u00fcl sz\u00e1m\u00edthat a v\u00e1laszunkra. \u00d6sszetett k\u00e9r\u00e9sek eset\u00e9n 1 h\u00f3napon bel\u00fcl t\u00e1j\u00e9koztatjuk \u00d6nt, ha legfeljebb 3 h\u00f3napra van sz\u00fcks\u00e9g\u00fcnk.<\/p><p>A v\u00e1lasz\u00e1val vagy inform\u00e1ci\u00f3k\u00e9r\u00e9s\u00e9vel \u00f6sszef\u00fcgg\u00e9sben megadott szem\u00e9lyes adatait kiz\u00e1r\u00f3lag az adatv\u00e9delmi nyilatkozatunkban foglaltaknak megfelel\u0151en haszn\u00e1ljuk fel.<\/p><p>Trojak Eszter nem v\u00e1llal felel\u0151ss\u00e9get azon weboldalak tartalm\u00e1\u00e9rt, amelyekre vagy amelyekr\u0151l hiperlink vagy m\u00e1s hivatkoz\u00e1s tal\u00e1lhat\u00f3. A harmadik felek \u00e1ltal k\u00edn\u00e1lt term\u00e9kekre vagy szolg\u00e1ltat\u00e1sokra az adott harmadik felek vonatkoz\u00f3 felt\u00e9telei vonatkoznak.<\/p><p>A weboldalon tal\u00e1lhat\u00f3 tartalmakhoz f\u0171z\u0151d\u0151 valamennyi szellemi tulajdonjog Trojak Esztert illeti meg.<\/p><p>Ezen anyagok m\u00e1sol\u00e1sa, terjeszt\u00e9se \u00e9s b\u00e1rmilyen m\u00e1s m\u00f3don t\u00f6rt\u00e9n\u0151 felhaszn\u00e1l\u00e1sa Trojak Eszter \u00edr\u00e1sos enged\u00e9lye n\u00e9lk\u00fcl tilos, kiv\u00e9ve \u00e9s csak annyiban, amennyiben a k\u00f6telez\u0151 jogszab\u00e1lyok m\u00e1sk\u00e9nt rendelkeznek (p\u00e9ld\u00e1ul id\u00e9z\u00e9si jog), kiv\u00e9ve, ha a konkr\u00e9t tartalom m\u00e1sk\u00e9nt rendelkezik.<\/p><p>Ha b\u00e1rmilyen k\u00e9rd\u00e9se vagy probl\u00e9m\u00e1ja van a weboldal el\u00e9rhet\u0151s\u00e9g\u00e9vel kapcsolatban, k\u00e9rj\u00fck, forduljon hozz\u00e1nk bizalommal.<\/p><\/div>","protected":false},"excerpt":{"rendered":"","protected":false},"author":15,"featured_media":0,"parent":0,"menu_order":0,"comment_status":"closed","ping_status":"closed","template":"","meta":{"_uag_custom_page_level_css":"","footnotes":""},"class_list":["post-863","page","type-page","status-publish","hentry"],"yoast_head":"<!-- This site is optimized with the Yoast SEO Premium plugin v27.3 (Yoast SEO v27.3) - https:\/\/yoast.com\/product\/yoast-seo-premium-wordpress\/ -->\n<title>Disclaimer - Islas24 info<\/title>\n<meta name=\"robots\" content=\"index, follow, max-snippet:-1, max-image-preview:large, max-video-preview:-1\" \/>\n<link rel=\"canonical\" href=\"https:\/\/islas24.info\/hu\/disclaimer\/\" \/>\n<meta property=\"og:locale\" content=\"hu_HU\" \/>\n<meta property=\"og:type\" content=\"article\" \/>\n<meta property=\"og:title\" content=\"Disclaimer\" \/>\n<meta property=\"og:url\" content=\"https:\/\/islas24.info\/hu\/disclaimer\/\" \/>\n<meta property=\"og:site_name\" content=\"Islas24 info\" \/>\n<meta property=\"article:publisher\" content=\"https:\/\/www.facebook.com\/islas24.info\" \/>\n<meta property=\"article:modified_time\" content=\"2025-05-07T14:20:35+00:00\" \/>\n<script type=\"application\/ld+json\" class=\"yoast-schema-graph\">{\"@context\":\"https:\\\/\\\/schema.org\",\"@graph\":[{\"@type\":\"WebPage\",\"@id\":\"https:\\\/\\\/islas24.info\\\/disclaimer\\\/\",\"url\":\"https:\\\/\\\/islas24.info\\\/disclaimer\\\/\",\"name\":\"Disclaimer - Islas24 info\",\"isPartOf\":{\"@id\":\"https:\\\/\\\/islas24.info\\\/#website\"},\"datePublished\":\"2024-08-17T10:44:39+00:00\",\"dateModified\":\"2025-05-07T14:20:35+00:00\",\"breadcrumb\":{\"@id\":\"https:\\\/\\\/islas24.info\\\/disclaimer\\\/#breadcrumb\"},\"inLanguage\":\"hu\",\"potentialAction\":[{\"@type\":\"ReadAction\",\"target\":[\"https:\\\/\\\/islas24.info\\\/disclaimer\\\/\"]}]},{\"@type\":\"BreadcrumbList\",\"@id\":\"https:\\\/\\\/islas24.info\\\/disclaimer\\\/#breadcrumb\",\"itemListElement\":[{\"@type\":\"ListItem\",\"position\":1,\"name\":\"Inicio\",\"item\":\"https:\\\/\\\/islas24.info\\\/\"},{\"@type\":\"ListItem\",\"position\":2,\"name\":\"Disclaimer\"}]},{\"@type\":\"WebSite\",\"@id\":\"https:\\\/\\\/islas24.info\\\/#website\",\"url\":\"https:\\\/\\\/islas24.info\\\/\",\"name\":\"Islas24.info\",\"description\":\"Encuentra lo que buscas\",\"publisher\":{\"@id\":\"https:\\\/\\\/islas24.info\\\/#organization\"},\"potentialAction\":[{\"@type\":\"SearchAction\",\"target\":{\"@type\":\"EntryPoint\",\"urlTemplate\":\"https:\\\/\\\/islas24.info\\\/?s={search_term_string}\"},\"query-input\":{\"@type\":\"PropertyValueSpecification\",\"valueRequired\":true,\"valueName\":\"search_term_string\"}}],\"inLanguage\":\"hu\"},{\"@type\":\"Organization\",\"@id\":\"https:\\\/\\\/islas24.info\\\/#organization\",\"name\":\"Islas24.info\",\"url\":\"https:\\\/\\\/islas24.info\\\/\",\"logo\":{\"@type\":\"ImageObject\",\"inLanguage\":\"hu\",\"@id\":\"https:\\\/\\\/islas24.info\\\/#\\\/schema\\\/logo\\\/image\\\/\",\"url\":\"https:\\\/\\\/islas24.info\\\/wp-content\\\/uploads\\\/2024\\\/06\\\/islas24.info_es.png\",\"contentUrl\":\"https:\\\/\\\/islas24.info\\\/wp-content\\\/uploads\\\/2024\\\/06\\\/islas24.info_es.png\",\"width\":354,\"height\":80,\"caption\":\"Islas24.info\"},\"image\":{\"@id\":\"https:\\\/\\\/islas24.info\\\/#\\\/schema\\\/logo\\\/image\\\/\"},\"sameAs\":[\"https:\\\/\\\/www.facebook.com\\\/islas24.info\",\"https:\\\/\\\/www.instagram.com\\\/islas24info\"],\"publishingPrinciples\":\"https:\\\/\\\/islas24.info\\\/aviso-legal\\\/\",\"ownershipFundingInfo\":\"https:\\\/\\\/islas24.info\\\/aviso-legal\\\/\",\"actionableFeedbackPolicy\":\"https:\\\/\\\/islas24.info\\\/aviso-legal\\\/\"}]}<\/script>\n<!-- \/ Yoast SEO Premium plugin. -->","yoast_head_json":{"title":"Disclaimer - Islas24 info","robots":{"index":"index","follow":"follow","max-snippet":"max-snippet:-1","max-image-preview":"max-image-preview:large","max-video-preview":"max-video-preview:-1"},"canonical":"https:\/\/islas24.info\/hu\/disclaimer\/","og_locale":"hu_HU","og_type":"article","og_title":"Disclaimer","og_url":"https:\/\/islas24.info\/hu\/disclaimer\/","og_site_name":"Islas24 info","article_publisher":"https:\/\/www.facebook.com\/islas24.info","article_modified_time":"2025-05-07T14:20:35+00:00","schema":{"@context":"https:\/\/schema.org","@graph":[{"@type":"WebPage","@id":"https:\/\/islas24.info\/disclaimer\/","url":"https:\/\/islas24.info\/disclaimer\/","name":"Disclaimer - Islas24 info","isPartOf":{"@id":"https:\/\/islas24.info\/#website"},"datePublished":"2024-08-17T10:44:39+00:00","dateModified":"2025-05-07T14:20:35+00:00","breadcrumb":{"@id":"https:\/\/islas24.info\/disclaimer\/#breadcrumb"},"inLanguage":"hu","potentialAction":[{"@type":"ReadAction","target":["https:\/\/islas24.info\/disclaimer\/"]}]},{"@type":"BreadcrumbList","@id":"https:\/\/islas24.info\/disclaimer\/#breadcrumb","itemListElement":[{"@type":"ListItem","position":1,"name":"Inicio","item":"https:\/\/islas24.info\/"},{"@type":"ListItem","position":2,"name":"Disclaimer"}]},{"@type":"WebSite","@id":"https:\/\/islas24.info\/#website","url":"https:\/\/islas24.info\/","name":"Islas24.info","description":"Tal\u00e1lja meg, amit keres","publisher":{"@id":"https:\/\/islas24.info\/#organization"},"potentialAction":[{"@type":"SearchAction","target":{"@type":"EntryPoint","urlTemplate":"https:\/\/islas24.info\/?s={search_term_string}"},"query-input":{"@type":"PropertyValueSpecification","valueRequired":true,"valueName":"search_term_string"}}],"inLanguage":"hu"},{"@type":"Organization","@id":"https:\/\/islas24.info\/#organization","name":"Islas24.info","url":"https:\/\/islas24.info\/","logo":{"@type":"ImageObject","inLanguage":"hu","@id":"https:\/\/islas24.info\/#\/schema\/logo\/image\/","url":"https:\/\/islas24.info\/wp-content\/uploads\/2024\/06\/islas24.info_es.png","contentUrl":"https:\/\/islas24.info\/wp-content\/uploads\/2024\/06\/islas24.info_es.png","width":354,"height":80,"caption":"Islas24.info"},"image":{"@id":"https:\/\/islas24.info\/#\/schema\/logo\/image\/"},"sameAs":["https:\/\/www.facebook.com\/islas24.info","https:\/\/www.instagram.com\/islas24info"],"publishingPrinciples":"https:\/\/islas24.info\/aviso-legal\/","ownershipFundingInfo":"https:\/\/islas24.info\/aviso-legal\/","actionableFeedbackPolicy":"https:\/\/islas24.info\/aviso-legal\/"}]}},"uagb_featured_image_src":{"full":false,"thumbnail":false,"medium":false,"medium_large":false,"large":false,"1536x1536":false,"2048x2048":false,"trp-custom-language-flag":false,"hp_square_small":false,"hp_landscape_small":false,"hp_landscape_large":false,"ht_portrait_small":false,"ht_landscape_large":false,"ht_cover_large":false,"woocommerce_thumbnail":false,"woocommerce_single":false,"woocommerce_gallery_thumbnail":false},"uagb_author_info":{"display_name":"Islas24","author_link":"https:\/\/islas24.info\/hu\/author\/islas24\/"},"uagb_comment_info":0,"uagb_excerpt":null,"_links":{"self":[{"href":"https:\/\/islas24.info\/hu\/wp-json\/wp\/v2\/pages\/863","targetHints":{"allow":["GET"]}}],"collection":[{"href":"https:\/\/islas24.info\/hu\/wp-json\/wp\/v2\/pages"}],"about":[{"href":"https:\/\/islas24.info\/hu\/wp-json\/wp\/v2\/types\/page"}],"author":[{"embeddable":true,"href":"https:\/\/islas24.info\/hu\/wp-json\/wp\/v2\/users\/15"}],"replies":[{"embeddable":true,"href":"https:\/\/islas24.info\/hu\/wp-json\/wp\/v2\/comments?post=863"}],"version-history":[{"count":1,"href":"https:\/\/islas24.info\/hu\/wp-json\/wp\/v2\/pages\/863\/revisions"}],"predecessor-version":[{"id":1529,"href":"https:\/\/islas24.info\/hu\/wp-json\/wp\/v2\/pages\/863\/revisions\/1529"}],"wp:attachment":[{"href":"https:\/\/islas24.info\/hu\/wp-json\/wp\/v2\/media?parent=863"}],"curies":[{"name":"wp","href":"https:\/\/api.w.org\/{rel}","templated":true}]}}