{"id":1378,"date":"2025-03-05T12:33:06","date_gmt":"2025-03-05T12:33:06","guid":{"rendered":"https:\/\/islas24.info\/?page_id=1378"},"modified":"2025-10-31T15:48:08","modified_gmt":"2025-10-31T15:48:08","slug":"islas24-blog","status":"publish","type":"page","link":"https:\/\/islas24.info\/hu\/islas24-blog\/","title":{"rendered":"islas24 Blog"},"content":{"rendered":"<div class=\"wp-block-uagb-post-grid uagb-post-grid  uagb-post__image-position-top uagb-post__image-enabled uagb-block-13c9148f     uagb-post__items uagb-post__columns-3 is-grid uagb-post__columns-tablet-2 uagb-post__columns-mobile-1 uagb-post__equal-height\" data-total=\"2\" style=\"\">\n\n\t\t\t\t\t\t\t\t\t\t\t\t<article class=\"uagb-post__inner-wrap\">\t\t\t\t\t\t\t\t<div class='uagb-post__image'>\n\t\t\t\t\t\t\t\t\t<a href=\"https:\/\/islas24.info\/hu\/corrientes-resaca-canarias\/\" target=\"_self\" rel=\"bookmark noopener noreferrer\" class='uagb-image-ratio-inherit'><img loading=\"lazy\" decoding=\"async\" width=\"749\" height=\"375\" src=\"https:\/\/islas24.info\/wp-content\/uploads\/2025\/11\/corrientes-de-resaca-Canarias-1024x512.png\" class=\"attachment-large size-large\" alt=\"corrientes de resaca Canarias\" srcset=\"https:\/\/islas24.info\/wp-content\/uploads\/2025\/11\/corrientes-de-resaca-Canarias-1024x512.png 1024w, https:\/\/islas24.info\/wp-content\/uploads\/2025\/11\/corrientes-de-resaca-Canarias-300x150.png 300w, https:\/\/islas24.info\/wp-content\/uploads\/2025\/11\/corrientes-de-resaca-Canarias-768x384.png 768w, https:\/\/islas24.info\/wp-content\/uploads\/2025\/11\/corrientes-de-resaca-Canarias-1536x768.png 1536w, https:\/\/islas24.info\/wp-content\/uploads\/2025\/11\/corrientes-de-resaca-Canarias-18x9.png 18w, https:\/\/islas24.info\/wp-content\/uploads\/2025\/11\/corrientes-de-resaca-Canarias-600x300.png 600w, https:\/\/islas24.info\/wp-content\/uploads\/2025\/11\/corrientes-de-resaca-Canarias.png 1600w\" sizes=\"auto, (max-width: 749px) 100vw, 749px\" \/>\t\t\t\t\t<\/a>\n\t\t\t\t\t\t\t<\/div>\n\t\t\t<div class=\"uag-post-grid-wrapper\">\t\t\t<h4 class=\"uagb-post__title uagb-post__text\">\n\t\t\t\t<a href=\"https:\/\/islas24.info\/hu\/corrientes-resaca-canarias\/\" target=\"_self\" rel=\"bookmark noopener noreferrer\">Az Atlanti-\u00f3ce\u00e1n Var\u00e1zsa \u00e9s Vesz\u00e9lyei a Kan\u00e1ri-szigetek Partjain<\/a>\n\t\t\t<\/h4>\n\t\t\t\t\t\t<div class='uagb-post__text uagb-post-grid-byline'>\n\t\t\t\t\t\t\t\t<time datetime=\"2025-11-01T13:18:05+00:00\" class=\"uagb-post__date\">\n\t\t\t\t<span class=\"dashicons-calendar dashicons\"><\/span>\t\t\t\t\t01.11.2025\t\t\t\t<\/time>\n\t\t\t\t\t\t<\/div>\n\t\t\t\t\t\t\t<div class='uagb-post__text uagb-post__excerpt'>\n\t\t\t\t\t<p>Amikor a Kan\u00e1ri-szigetekre gondolunk, a legt\u00f6bb\u00fcnknek a...\t\t\t\t<\/div>\n\t\t\t\t\t\t<div class=\"uagb-post__text uagb-post__cta wp-block-button\">\n\t\t\t\t<a class=\"wp-block-button__link uagb-text-link\" style=\"\" href=\"https:\/\/islas24.info\/hu\/corrientes-resaca-canarias\/\" target=\"_self\" rel=\"bookmark noopener noreferrer\">L\u00e1sd m\u00e9g<\/a>\n\t\t\t<\/div>\n\t\t\t<\/div>\n\t\t\t\t\t\t\t\t\t<\/article>\n\t\t\t\t\t\t\t\t\t\t\t\t\t\t\t\t<article class=\"uagb-post__inner-wrap\">\t\t\t\t\t\t\t\t<div class='uagb-post__image'>\n\t\t\t\t\t\t\t\t\t<a href=\"https:\/\/islas24.info\/hu\/el-oro-de-canarias-todo-lo-que-hay-que-saber-sobre-el-platano-de-canarias\/\" target=\"_self\" rel=\"bookmark noopener noreferrer\" class='uagb-image-ratio-inherit'><img loading=\"lazy\" decoding=\"async\" width=\"749\" height=\"375\" src=\"https:\/\/islas24.info\/wp-content\/uploads\/2025\/11\/platano-1024x512.png\" class=\"attachment-large size-large\" alt=\"Pl\u00e1tano de Canarias,\" srcset=\"https:\/\/islas24.info\/wp-content\/uploads\/2025\/11\/platano-1024x512.png 1024w, https:\/\/islas24.info\/wp-content\/uploads\/2025\/11\/platano-300x150.png 300w, https:\/\/islas24.info\/wp-content\/uploads\/2025\/11\/platano-768x384.png 768w, https:\/\/islas24.info\/wp-content\/uploads\/2025\/11\/platano-1536x768.png 1536w, https:\/\/islas24.info\/wp-content\/uploads\/2025\/11\/platano-18x9.png 18w, https:\/\/islas24.info\/wp-content\/uploads\/2025\/11\/platano-600x300.png 600w, https:\/\/islas24.info\/wp-content\/uploads\/2025\/11\/platano.png 1600w\" sizes=\"auto, (max-width: 749px) 100vw, 749px\" \/>\t\t\t\t\t<\/a>\n\t\t\t\t\t\t\t<\/div>\n\t\t\t<div class=\"uag-post-grid-wrapper\">\t\t\t<h4 class=\"uagb-post__title uagb-post__text\">\n\t\t\t\t<a href=\"https:\/\/islas24.info\/hu\/el-oro-de-canarias-todo-lo-que-hay-que-saber-sobre-el-platano-de-canarias\/\" target=\"_self\" rel=\"bookmark noopener noreferrer\">A Kan\u00e1ri-szigetek aranya: minden, amit a Kan\u00e1ri-szigeteki ban\u00e1nr\u00f3l tudni kell<\/a>\n\t\t\t<\/h4>\n\t\t\t\t\t\t<div class='uagb-post__text uagb-post-grid-byline'>\n\t\t\t\t\t\t\t\t<time datetime=\"2025-11-01T10:39:17+00:00\" class=\"uagb-post__date\">\n\t\t\t\t<span class=\"dashicons-calendar dashicons\"><\/span>\t\t\t\t\t01.11.2025\t\t\t\t<\/time>\n\t\t\t\t\t\t<\/div>\n\t\t\t\t\t\t\t<div class='uagb-post__text uagb-post__excerpt'>\n\t\t\t\t\t<p>Ismerje meg a Kan\u00e1ri-szigetek egyik leg\u00e9rt\u00e9kesebb kincs\u00e9t: a \u00abkan\u00e1ri ban\u00e1nt\u00bb....\t\t\t\t<\/div>\n\t\t\t\t\t\t<div class=\"uagb-post__text uagb-post__cta wp-block-button\">\n\t\t\t\t<a class=\"wp-block-button__link uagb-text-link\" style=\"\" href=\"https:\/\/islas24.info\/hu\/el-oro-de-canarias-todo-lo-que-hay-que-saber-sobre-el-platano-de-canarias\/\" target=\"_self\" rel=\"bookmark noopener noreferrer\">L\u00e1sd m\u00e9g<\/a>\n\t\t\t<\/div>\n\t\t\t<\/div>\n\t\t\t\t\t\t\t\t\t<\/article>\n\t\t\t\t\t\t\t\t\t\t\t\t\t\t\t\t<article class=\"uagb-post__inner-wrap\">\t\t\t\t\t\t\t\t<div class='uagb-post__image'>\n\t\t\t\t\t\t\t\t\t<a href=\"https:\/\/islas24.info\/hu\/barranco-de-masca-guia-senderismo\/\" target=\"_self\" rel=\"bookmark noopener noreferrer\" class='uagb-image-ratio-inherit'><img loading=\"lazy\" decoding=\"async\" width=\"749\" height=\"375\" src=\"https:\/\/islas24.info\/wp-content\/uploads\/2025\/10\/masca-1024x512.png\" class=\"attachment-large size-large\" alt=\"Barranco de Masca\" srcset=\"https:\/\/islas24.info\/wp-content\/uploads\/2025\/10\/masca-1024x512.png 1024w, https:\/\/islas24.info\/wp-content\/uploads\/2025\/10\/masca-300x150.png 300w, https:\/\/islas24.info\/wp-content\/uploads\/2025\/10\/masca-768x384.png 768w, https:\/\/islas24.info\/wp-content\/uploads\/2025\/10\/masca-1536x768.png 1536w, https:\/\/islas24.info\/wp-content\/uploads\/2025\/10\/masca-18x9.png 18w, https:\/\/islas24.info\/wp-content\/uploads\/2025\/10\/masca-600x300.png 600w, https:\/\/islas24.info\/wp-content\/uploads\/2025\/10\/masca.png 1600w\" sizes=\"auto, (max-width: 749px) 100vw, 749px\" \/>\t\t\t\t\t<\/a>\n\t\t\t\t\t\t\t<\/div>\n\t\t\t<div class=\"uag-post-grid-wrapper\">\t\t\t<h4 class=\"uagb-post__title uagb-post__text\">\n\t\t\t\t<a href=\"https:\/\/islas24.info\/hu\/barranco-de-masca-guia-senderismo\/\" target=\"_self\" rel=\"bookmark noopener noreferrer\">Barranco de Masca: Teljes \u00fatikalauz a faluba \u00e9s a t\u00far\u00e1z\u00e1shoz (2025)<\/a>\n\t\t\t<\/h4>\n\t\t\t\t\t\t<div class='uagb-post__text uagb-post-grid-byline'>\n\t\t\t\t\t\t\t\t<time datetime=\"2025-10-31T15:29:12+00:00\" class=\"uagb-post__date\">\n\t\t\t\t<span class=\"dashicons-calendar dashicons\"><\/span>\t\t\t\t\t31.10.2025\t\t\t\t<\/time>\n\t\t\t\t\t\t<\/div>\n\t\t\t\t\t\t\t<div class='uagb-post__text uagb-post__excerpt'>\n\t\t\t\t\t<p>A Barranco de Masca k\u00e9ts\u00e9gtelen\u00fcl Tenerife egyik legl\u00e1tv\u00e1nyosabb t\u00fara\u00fatvonala.....\t\t\t\t<\/div>\n\t\t\t\t\t\t<div class=\"uagb-post__text uagb-post__cta wp-block-button\">\n\t\t\t\t<a class=\"wp-block-button__link uagb-text-link\" style=\"\" href=\"https:\/\/islas24.info\/hu\/barranco-de-masca-guia-senderismo\/\" target=\"_self\" rel=\"bookmark noopener noreferrer\">L\u00e1sd m\u00e9g<\/a>\n\t\t\t<\/div>\n\t\t\t<\/div>\n\t\t\t\t\t\t\t\t\t<\/article>\n\t\t\t\t\t\t\t\t\t\t\t\t\t\t\t\t<article class=\"uagb-post__inner-wrap\">\t\t\t\t\t\t\t\t<div class='uagb-post__image'>\n\t\t\t\t\t\t\t\t\t<a href=\"https:\/\/islas24.info\/hu\/guia-tiempo-canarias\/\" target=\"_self\" rel=\"bookmark noopener noreferrer\" class='uagb-image-ratio-inherit'><img loading=\"lazy\" decoding=\"async\" width=\"749\" height=\"375\" src=\"https:\/\/islas24.info\/wp-content\/uploads\/2025\/10\/Guia-Completa-del-Tiempo-1-1024x512.png\" class=\"attachment-large size-large\" alt=\"Gu\u00eda Completa del Tiempo\" srcset=\"https:\/\/islas24.info\/wp-content\/uploads\/2025\/10\/Guia-Completa-del-Tiempo-1-1024x512.png 1024w, https:\/\/islas24.info\/wp-content\/uploads\/2025\/10\/Guia-Completa-del-Tiempo-1-300x150.png 300w, https:\/\/islas24.info\/wp-content\/uploads\/2025\/10\/Guia-Completa-del-Tiempo-1-768x384.png 768w, https:\/\/islas24.info\/wp-content\/uploads\/2025\/10\/Guia-Completa-del-Tiempo-1-1536x768.png 1536w, https:\/\/islas24.info\/wp-content\/uploads\/2025\/10\/Guia-Completa-del-Tiempo-1-18x9.png 18w, https:\/\/islas24.info\/wp-content\/uploads\/2025\/10\/Guia-Completa-del-Tiempo-1-600x300.png 600w, https:\/\/islas24.info\/wp-content\/uploads\/2025\/10\/Guia-Completa-del-Tiempo-1.png 1600w\" sizes=\"auto, (max-width: 749px) 100vw, 749px\" \/>\t\t\t\t\t<\/a>\n\t\t\t\t\t\t\t<\/div>\n\t\t\t<div class=\"uag-post-grid-wrapper\">\t\t\t<h4 class=\"uagb-post__title uagb-post__text\">\n\t\t\t\t<a href=\"https:\/\/islas24.info\/hu\/guia-tiempo-canarias\/\" target=\"_self\" rel=\"bookmark noopener noreferrer\">Az \u00f6r\u00f6k tavasz szigetei? A Kan\u00e1ri-szigetek teljes id\u0151j\u00e1r\u00e1si kalauza<\/a>\n\t\t\t<\/h4>\n\t\t\t\t\t\t<div class='uagb-post__text uagb-post-grid-byline'>\n\t\t\t\t\t\t\t\t<time datetime=\"2025-10-30T14:44:22+00:00\" class=\"uagb-post__date\">\n\t\t\t\t<span class=\"dashicons-calendar dashicons\"><\/span>\t\t\t\t\t30.10.2025\t\t\t\t<\/time>\n\t\t\t\t\t\t<\/div>\n\t\t\t\t\t\t\t<div class='uagb-post__text uagb-post__excerpt'>\n\t\t\t\t\t<p>\u00abMilyen lesz az id\u0151j\u00e1r\u00e1s novemberben?\u00bb, \u00abHozhatok-e f\u00fcrd\u0151ruh\u00e1t janu\u00e1rban?\u00bb. - ezek a...\t\t\t\t<\/div>\n\t\t\t\t\t\t<div class=\"uagb-post__text uagb-post__cta wp-block-button\">\n\t\t\t\t<a class=\"wp-block-button__link uagb-text-link\" style=\"\" href=\"https:\/\/islas24.info\/hu\/guia-tiempo-canarias\/\" target=\"_self\" rel=\"bookmark noopener noreferrer\">L\u00e1sd m\u00e9g<\/a>\n\t\t\t<\/div>\n\t\t\t<\/div>\n\t\t\t\t\t\t\t\t\t<\/article>\n\t\t\t\t\t\t\t\t\t\t\t\t\t\t\t\t<article class=\"uagb-post__inner-wrap\">\t\t\t\t\t\t\t\t<div class='uagb-post__image'>\n\t\t\t\t\t\t\t\t\t<a href=\"https:\/\/islas24.info\/hu\/mejores-aplicaciones-viaje-2025\/\" target=\"_self\" rel=\"bookmark noopener noreferrer\" class='uagb-image-ratio-inherit'><img loading=\"lazy\" decoding=\"async\" width=\"749\" height=\"375\" src=\"https:\/\/islas24.info\/wp-content\/uploads\/2025\/10\/utazasi-alkalmazasok-kanari-szigetek-1024x512.png\" class=\"attachment-large size-large\" alt=\"aplicaciones de viaje\" srcset=\"https:\/\/islas24.info\/wp-content\/uploads\/2025\/10\/utazasi-alkalmazasok-kanari-szigetek-1024x512.png 1024w, https:\/\/islas24.info\/wp-content\/uploads\/2025\/10\/utazasi-alkalmazasok-kanari-szigetek-300x150.png 300w, https:\/\/islas24.info\/wp-content\/uploads\/2025\/10\/utazasi-alkalmazasok-kanari-szigetek-768x384.png 768w, https:\/\/islas24.info\/wp-content\/uploads\/2025\/10\/utazasi-alkalmazasok-kanari-szigetek-1536x768.png 1536w, https:\/\/islas24.info\/wp-content\/uploads\/2025\/10\/utazasi-alkalmazasok-kanari-szigetek-18x9.png 18w, https:\/\/islas24.info\/wp-content\/uploads\/2025\/10\/utazasi-alkalmazasok-kanari-szigetek-600x300.png 600w, https:\/\/islas24.info\/wp-content\/uploads\/2025\/10\/utazasi-alkalmazasok-kanari-szigetek.png 1600w\" sizes=\"auto, (max-width: 749px) 100vw, 749px\" \/>\t\t\t\t\t<\/a>\n\t\t\t\t\t\t\t<\/div>\n\t\t\t<div class=\"uag-post-grid-wrapper\">\t\t\t<h4 class=\"uagb-post__title uagb-post__text\">\n\t\t\t\t<a href=\"https:\/\/islas24.info\/hu\/mejores-aplicaciones-viaje-2025\/\" target=\"_self\" rel=\"bookmark noopener noreferrer\">Digit\u00e1lis \u00fatit\u00e1rsak: A legjobb utaz\u00e1si alkalmaz\u00e1sok 2025-ben<\/a>\n\t\t\t<\/h4>\n\t\t\t\t\t\t<div class='uagb-post__text uagb-post-grid-byline'>\n\t\t\t\t\t\t\t\t<time datetime=\"2025-10-29T16:37:02+00:00\" class=\"uagb-post__date\">\n\t\t\t\t<span class=\"dashicons-calendar dashicons\"><\/span>\t\t\t\t\t29.10.2025\t\t\t\t<\/time>\n\t\t\t\t\t\t<\/div>\n\t\t\t\t\t\t\t<div class='uagb-post__text uagb-post__excerpt'>\n\t\t\t\t\t<p>Az utaz\u00e1s fogalma ma m\u00e1r szorosan kapcsol\u00f3dik a technol\u00f3gi\u00e1hoz. A modern turista sz\u00e1m\u00e1ra a...\t\t\t\t<\/div>\n\t\t\t\t\t\t<div class=\"uagb-post__text uagb-post__cta wp-block-button\">\n\t\t\t\t<a class=\"wp-block-button__link uagb-text-link\" style=\"\" href=\"https:\/\/islas24.info\/hu\/mejores-aplicaciones-viaje-2025\/\" target=\"_self\" rel=\"bookmark noopener noreferrer\">L\u00e1sd m\u00e9g<\/a>\n\t\t\t<\/div>\n\t\t\t<\/div>\n\t\t\t\t\t\t\t\t\t<\/article>\n\t\t\t\t\t\t\t\t\t\t\t\t\t\t\t\t<article class=\"uagb-post__inner-wrap\">\t\t\t\t\t\t\t\t<div class='uagb-post__image'>\n\t\t\t\t\t\t\t\t\t<a href=\"https:\/\/islas24.info\/hu\/eclipse-solar-canarias-2025-guia-observacion\/\" target=\"_self\" rel=\"bookmark noopener noreferrer\" class='uagb-image-ratio-inherit'><img loading=\"lazy\" decoding=\"async\" width=\"749\" height=\"375\" src=\"https:\/\/islas24.info\/wp-content\/uploads\/2025\/03\/solar-2-1024x512.png\" class=\"attachment-large size-large\" alt=\"solar eclipse\" srcset=\"https:\/\/islas24.info\/wp-content\/uploads\/2025\/03\/solar-2-1024x512.png 1024w, https:\/\/islas24.info\/wp-content\/uploads\/2025\/03\/solar-2-300x150.png 300w, https:\/\/islas24.info\/wp-content\/uploads\/2025\/03\/solar-2-768x384.png 768w, https:\/\/islas24.info\/wp-content\/uploads\/2025\/03\/solar-2-1536x768.png 1536w, https:\/\/islas24.info\/wp-content\/uploads\/2025\/03\/solar-2-18x9.png 18w, https:\/\/islas24.info\/wp-content\/uploads\/2025\/03\/solar-2-600x300.png 600w, https:\/\/islas24.info\/wp-content\/uploads\/2025\/03\/solar-2.png 1600w\" sizes=\"auto, (max-width: 749px) 100vw, 749px\" \/>\t\t\t\t\t<\/a>\n\t\t\t\t\t\t\t<\/div>\n\t\t\t<div class=\"uag-post-grid-wrapper\">\t\t\t<h4 class=\"uagb-post__title uagb-post__text\">\n\t\t\t\t<a href=\"https:\/\/islas24.info\/hu\/eclipse-solar-canarias-2025-guia-observacion\/\" target=\"_self\" rel=\"bookmark noopener noreferrer\">Napfogyatkoz\u00e1s: \u00e9gi l\u00e1tv\u00e1nyoss\u00e1g a Kan\u00e1ri-szigeteken<\/a>\n\t\t\t<\/h4>\n\t\t\t\t\t\t<div class='uagb-post__text uagb-post-grid-byline'>\n\t\t\t\t\t\t\t\t<time datetime=\"2025-03-27T18:57:02+00:00\" class=\"uagb-post__date\">\n\t\t\t\t<span class=\"dashicons-calendar dashicons\"><\/span>\t\t\t\t\t27.03.2025\t\t\t\t<\/time>\n\t\t\t\t\t\t<\/div>\n\t\t\t\t\t\t\t<div class='uagb-post__text uagb-post__excerpt'>\n\t\t\t\t\t<p>Napfogyatkoz\u00e1s: \u00e9gi l\u00e1tv\u00e1nyoss\u00e1g a Kan\u00e1ri-szigeteken A k\u00f6telez\u0151 csillag\u00e1szati esem\u00e9ny 29-\u00e9n...\t\t\t\t<\/div>\n\t\t\t\t\t\t<div class=\"uagb-post__text uagb-post__cta wp-block-button\">\n\t\t\t\t<a class=\"wp-block-button__link uagb-text-link\" style=\"\" href=\"https:\/\/islas24.info\/hu\/eclipse-solar-canarias-2025-guia-observacion\/\" target=\"_self\" rel=\"bookmark noopener noreferrer\">L\u00e1sd m\u00e9g<\/a>\n\t\t\t<\/div>\n\t\t\t<\/div>\n\t\t\t\t\t\t\t\t\t<\/article>\n\t\t\t\t\t\t\t\t\t\t\t\t\t<div class=\"uagb-post-pagination-wrap\">\n\t\t\t\t\t\t<span aria-current=\"page\" class=\"page-numbers current\">1<\/span>\n<a class=\"page-numbers\" href=\"https:\/\/islas24.info\/hu\/wp-json\/wp\/v2\/pages\/1378\/page\/2\/\">2<\/a>\n<a class=\"next page-numbers\" href=\"https:\/\/islas24.info\/hu\/wp-json\/wp\/v2\/pages\/1378\/page\/2\/\">K\u00f6vetkez\u0151 \u00bb<\/a>\t\t\t\t\t<\/div>\n\t\t\t\t\t\t\t\t<\/div>","protected":false},"excerpt":{"rendered":"","protected":false},"author":15,"featured_media":0,"parent":0,"menu_order":0,"comment_status":"closed","ping_status":"closed","template":"","meta":{"_uag_custom_page_level_css":"","footnotes":""},"class_list":["post-1378","page","type-page","status-publish","hentry"],"yoast_head":"<!-- This site is optimized with the Yoast SEO Premium plugin v27.3 (Yoast SEO v27.3) - https:\/\/yoast.com\/product\/yoast-seo-premium-wordpress\/ -->\n<title>islas24 Blog - Islas24 info<\/title>\n<meta name=\"robots\" content=\"index, follow, max-snippet:-1, max-image-preview:large, max-video-preview:-1\" \/>\n<link rel=\"canonical\" href=\"https:\/\/islas24.info\/hu\/islas24-blog\/\" \/>\n<meta property=\"og:locale\" content=\"hu_HU\" \/>\n<meta property=\"og:type\" content=\"article\" \/>\n<meta property=\"og:title\" content=\"islas24 Blog\" \/>\n<meta property=\"og:url\" content=\"https:\/\/islas24.info\/hu\/islas24-blog\/\" \/>\n<meta property=\"og:site_name\" content=\"Islas24 info\" \/>\n<meta property=\"article:publisher\" content=\"https:\/\/www.facebook.com\/islas24.info\" \/>\n<meta property=\"article:modified_time\" content=\"2025-10-31T15:48:08+00:00\" \/>\n<script type=\"application\/ld+json\" class=\"yoast-schema-graph\">{\"@context\":\"https:\\\/\\\/schema.org\",\"@graph\":[{\"@type\":\"WebPage\",\"@id\":\"https:\\\/\\\/islas24.info\\\/islas24-blog\\\/\",\"url\":\"https:\\\/\\\/islas24.info\\\/islas24-blog\\\/\",\"name\":\"islas24 Blog - Islas24 info\",\"isPartOf\":{\"@id\":\"https:\\\/\\\/islas24.info\\\/#website\"},\"datePublished\":\"2025-03-05T12:33:06+00:00\",\"dateModified\":\"2025-10-31T15:48:08+00:00\",\"breadcrumb\":{\"@id\":\"https:\\\/\\\/islas24.info\\\/islas24-blog\\\/#breadcrumb\"},\"inLanguage\":\"hu\",\"potentialAction\":[{\"@type\":\"ReadAction\",\"target\":[\"https:\\\/\\\/islas24.info\\\/islas24-blog\\\/\"]}]},{\"@type\":\"BreadcrumbList\",\"@id\":\"https:\\\/\\\/islas24.info\\\/islas24-blog\\\/#breadcrumb\",\"itemListElement\":[{\"@type\":\"ListItem\",\"position\":1,\"name\":\"Inicio\",\"item\":\"https:\\\/\\\/islas24.info\\\/\"},{\"@type\":\"ListItem\",\"position\":2,\"name\":\"islas24 Blog\"}]},{\"@type\":\"WebSite\",\"@id\":\"https:\\\/\\\/islas24.info\\\/#website\",\"url\":\"https:\\\/\\\/islas24.info\\\/\",\"name\":\"Islas24.info\",\"description\":\"Encuentra lo que buscas\",\"publisher\":{\"@id\":\"https:\\\/\\\/islas24.info\\\/#organization\"},\"potentialAction\":[{\"@type\":\"SearchAction\",\"target\":{\"@type\":\"EntryPoint\",\"urlTemplate\":\"https:\\\/\\\/islas24.info\\\/?s={search_term_string}\"},\"query-input\":{\"@type\":\"PropertyValueSpecification\",\"valueRequired\":true,\"valueName\":\"search_term_string\"}}],\"inLanguage\":\"hu\"},{\"@type\":\"Organization\",\"@id\":\"https:\\\/\\\/islas24.info\\\/#organization\",\"name\":\"Islas24.info\",\"url\":\"https:\\\/\\\/islas24.info\\\/\",\"logo\":{\"@type\":\"ImageObject\",\"inLanguage\":\"hu\",\"@id\":\"https:\\\/\\\/islas24.info\\\/#\\\/schema\\\/logo\\\/image\\\/\",\"url\":\"https:\\\/\\\/islas24.info\\\/wp-content\\\/uploads\\\/2024\\\/06\\\/islas24.info_es.png\",\"contentUrl\":\"https:\\\/\\\/islas24.info\\\/wp-content\\\/uploads\\\/2024\\\/06\\\/islas24.info_es.png\",\"width\":354,\"height\":80,\"caption\":\"Islas24.info\"},\"image\":{\"@id\":\"https:\\\/\\\/islas24.info\\\/#\\\/schema\\\/logo\\\/image\\\/\"},\"sameAs\":[\"https:\\\/\\\/www.facebook.com\\\/islas24.info\",\"https:\\\/\\\/www.instagram.com\\\/islas24info\"],\"publishingPrinciples\":\"https:\\\/\\\/islas24.info\\\/aviso-legal\\\/\",\"ownershipFundingInfo\":\"https:\\\/\\\/islas24.info\\\/aviso-legal\\\/\",\"actionableFeedbackPolicy\":\"https:\\\/\\\/islas24.info\\\/aviso-legal\\\/\"}]}<\/script>\n<!-- \/ Yoast SEO Premium plugin. -->","yoast_head_json":{"title":"islas24 Blog - Islas24 info","robots":{"index":"index","follow":"follow","max-snippet":"max-snippet:-1","max-image-preview":"max-image-preview:large","max-video-preview":"max-video-preview:-1"},"canonical":"https:\/\/islas24.info\/hu\/islas24-blog\/","og_locale":"hu_HU","og_type":"article","og_title":"islas24 Blog","og_url":"https:\/\/islas24.info\/hu\/islas24-blog\/","og_site_name":"Islas24 info","article_publisher":"https:\/\/www.facebook.com\/islas24.info","article_modified_time":"2025-10-31T15:48:08+00:00","schema":{"@context":"https:\/\/schema.org","@graph":[{"@type":"WebPage","@id":"https:\/\/islas24.info\/islas24-blog\/","url":"https:\/\/islas24.info\/islas24-blog\/","name":"islas24 Blog - Islas24 info","isPartOf":{"@id":"https:\/\/islas24.info\/#website"},"datePublished":"2025-03-05T12:33:06+00:00","dateModified":"2025-10-31T15:48:08+00:00","breadcrumb":{"@id":"https:\/\/islas24.info\/islas24-blog\/#breadcrumb"},"inLanguage":"hu","potentialAction":[{"@type":"ReadAction","target":["https:\/\/islas24.info\/islas24-blog\/"]}]},{"@type":"BreadcrumbList","@id":"https:\/\/islas24.info\/islas24-blog\/#breadcrumb","itemListElement":[{"@type":"ListItem","position":1,"name":"Inicio","item":"https:\/\/islas24.info\/"},{"@type":"ListItem","position":2,"name":"islas24 Blog"}]},{"@type":"WebSite","@id":"https:\/\/islas24.info\/#website","url":"https:\/\/islas24.info\/","name":"Islas24.info","description":"Tal\u00e1lja meg, amit keres","publisher":{"@id":"https:\/\/islas24.info\/#organization"},"potentialAction":[{"@type":"SearchAction","target":{"@type":"EntryPoint","urlTemplate":"https:\/\/islas24.info\/?s={search_term_string}"},"query-input":{"@type":"PropertyValueSpecification","valueRequired":true,"valueName":"search_term_string"}}],"inLanguage":"hu"},{"@type":"Organization","@id":"https:\/\/islas24.info\/#organization","name":"Islas24.info","url":"https:\/\/islas24.info\/","logo":{"@type":"ImageObject","inLanguage":"hu","@id":"https:\/\/islas24.info\/#\/schema\/logo\/image\/","url":"https:\/\/islas24.info\/wp-content\/uploads\/2024\/06\/islas24.info_es.png","contentUrl":"https:\/\/islas24.info\/wp-content\/uploads\/2024\/06\/islas24.info_es.png","width":354,"height":80,"caption":"Islas24.info"},"image":{"@id":"https:\/\/islas24.info\/#\/schema\/logo\/image\/"},"sameAs":["https:\/\/www.facebook.com\/islas24.info","https:\/\/www.instagram.com\/islas24info"],"publishingPrinciples":"https:\/\/islas24.info\/aviso-legal\/","ownershipFundingInfo":"https:\/\/islas24.info\/aviso-legal\/","actionableFeedbackPolicy":"https:\/\/islas24.info\/aviso-legal\/"}]}},"uagb_featured_image_src":{"full":false,"thumbnail":false,"medium":false,"medium_large":false,"large":false,"1536x1536":false,"2048x2048":false,"trp-custom-language-flag":false,"hp_square_small":false,"hp_landscape_small":false,"hp_landscape_large":false,"ht_portrait_small":false,"ht_landscape_large":false,"ht_cover_large":false,"woocommerce_thumbnail":false,"woocommerce_single":false,"woocommerce_gallery_thumbnail":false},"uagb_author_info":{"display_name":"Islas24","author_link":"https:\/\/islas24.info\/hu\/author\/islas24\/"},"uagb_comment_info":0,"uagb_excerpt":null,"_links":{"self":[{"href":"https:\/\/islas24.info\/hu\/wp-json\/wp\/v2\/pages\/1378","targetHints":{"allow":["GET"]}}],"collection":[{"href":"https:\/\/islas24.info\/hu\/wp-json\/wp\/v2\/pages"}],"about":[{"href":"https:\/\/islas24.info\/hu\/wp-json\/wp\/v2\/types\/page"}],"author":[{"embeddable":true,"href":"https:\/\/islas24.info\/hu\/wp-json\/wp\/v2\/users\/15"}],"replies":[{"embeddable":true,"href":"https:\/\/islas24.info\/hu\/wp-json\/wp\/v2\/comments?post=1378"}],"version-history":[{"count":3,"href":"https:\/\/islas24.info\/hu\/wp-json\/wp\/v2\/pages\/1378\/revisions"}],"predecessor-version":[{"id":1886,"href":"https:\/\/islas24.info\/hu\/wp-json\/wp\/v2\/pages\/1378\/revisions\/1886"}],"wp:attachment":[{"href":"https:\/\/islas24.info\/hu\/wp-json\/wp\/v2\/media?parent=1378"}],"curies":[{"name":"wp","href":"https:\/\/api.w.org\/{rel}","templated":true}]}}