{"id":959,"date":"2024-08-19T10:14:44","date_gmt":"2024-08-19T09:14:44","guid":{"rendered":"https:\/\/islas24.info\/?post_type=product&#038;p=959"},"modified":"2024-08-19T13:06:27","modified_gmt":"2024-08-19T12:06:27","slug":"etiqueta-destacada","status":"publish","type":"product","link":"https:\/\/islas24.info\/de\/product\/etiqueta-destacada\/","title":{"rendered":"Hervorgehobenes Etikett"},"content":{"rendered":"<p>Markieren Sie die Seite mit dem Label \"Featured\".<\/p>\n<h6 data-sourcepos=\"7:1-7:83\"><\/h6>","protected":false},"excerpt":{"rendered":"<h5 data-sourcepos=\"3:1-3:80\">W\u00e4hlen Sie das Featured Listing und machen Sie Ihr Unternehmen auf Islas24 noch sichtbarer!<\/h5>\n<p data-sourcepos=\"5:1-5:14\">Einen ganzen Monat lang pr\u00e4sentieren wir Ihr Unternehmen an prominenter Stelle und sorgen daf\u00fcr, dass es bei den Besuchern als eines der ersten erscheint, was zu mehr Interesse und Reichweite f\u00fchrt.<\/p>\n<h6 data-sourcepos=\"7:1-7:83\">Lassen Sie sich diese au\u00dfergew\u00f6hnliche Gelegenheit nicht entgehen und heben Sie Ihr Unternehmen von der Masse ab!<\/h6>","protected":false},"featured_media":960,"template":"","meta":{"_uag_custom_page_level_css":""},"product_brand":[],"product_cat":[53],"product_tag":[],"class_list":{"0":"post-959","1":"product","2":"type-product","3":"status-publish","4":"has-post-thumbnail","6":"product_cat-sin-categoria","8":"first","9":"instock","10":"virtual","11":"purchasable","12":"product-type-simple"},"yoast_head":"<!-- This site is optimized with the Yoast SEO Premium plugin v27.3 (Yoast SEO v27.3) - https:\/\/yoast.com\/product\/yoast-seo-premium-wordpress\/ -->\n<title>Etiqueta destacada - Islas24 info<\/title>\n<meta name=\"robots\" content=\"index, follow, max-snippet:-1, max-image-preview:large, max-video-preview:-1\" \/>\n<link rel=\"canonical\" href=\"https:\/\/islas24.info\/de\/product\/etiqueta-destacada\/\" \/>\n<meta property=\"og:locale\" content=\"de_DE\" \/>\n<meta property=\"og:type\" content=\"article\" \/>\n<meta property=\"og:title\" content=\"Etiqueta destacada\" \/>\n<meta property=\"og:description\" content=\"\u00a1Elige el Listado Destacado y haz que tu negocio sea a\u00fan m\u00e1s visible en Islas24! Durante un mes completo, mostraremos tu negocio en una posici\u00f3n destacada, lo que garantiza que sea uno de los primeros en aparecer a los visitantes, asegurando un mayor inter\u00e9s y alcance.  \u00a1No te pierdas esta oportunidad excepcional, destaca tu negocio entre la multitud!\" \/>\n<meta property=\"og:url\" content=\"https:\/\/islas24.info\/de\/product\/etiqueta-destacada\/\" \/>\n<meta property=\"og:site_name\" content=\"Islas24 info\" \/>\n<meta property=\"article:publisher\" content=\"https:\/\/www.facebook.com\/islas24.info\" \/>\n<meta property=\"article:modified_time\" content=\"2024-08-19T12:06:27+00:00\" \/>\n<meta property=\"og:image\" content=\"https:\/\/islas24.info\/wp-content\/uploads\/2024\/08\/featured.png\" \/>\n\t<meta property=\"og:image:width\" content=\"512\" \/>\n\t<meta property=\"og:image:height\" content=\"512\" \/>\n\t<meta property=\"og:image:type\" content=\"image\/png\" \/>\n<script type=\"application\/ld+json\" class=\"yoast-schema-graph\">{\"@context\":\"https:\\\/\\\/schema.org\",\"@graph\":[{\"@type\":\"WebPage\",\"@id\":\"https:\\\/\\\/islas24.info\\\/product\\\/etiqueta-destacada\\\/\",\"url\":\"https:\\\/\\\/islas24.info\\\/product\\\/etiqueta-destacada\\\/\",\"name\":\"Etiqueta destacada - Islas24 info\",\"isPartOf\":{\"@id\":\"https:\\\/\\\/islas24.info\\\/#website\"},\"primaryImageOfPage\":{\"@id\":\"https:\\\/\\\/islas24.info\\\/product\\\/etiqueta-destacada\\\/#primaryimage\"},\"image\":{\"@id\":\"https:\\\/\\\/islas24.info\\\/product\\\/etiqueta-destacada\\\/#primaryimage\"},\"thumbnailUrl\":\"https:\\\/\\\/islas24.info\\\/wp-content\\\/uploads\\\/2024\\\/08\\\/featured.png\",\"datePublished\":\"2024-08-19T09:14:44+00:00\",\"dateModified\":\"2024-08-19T12:06:27+00:00\",\"breadcrumb\":{\"@id\":\"https:\\\/\\\/islas24.info\\\/product\\\/etiqueta-destacada\\\/#breadcrumb\"},\"inLanguage\":\"de\",\"potentialAction\":[{\"@type\":\"ReadAction\",\"target\":[\"https:\\\/\\\/islas24.info\\\/product\\\/etiqueta-destacada\\\/\"]}]},{\"@type\":\"ImageObject\",\"inLanguage\":\"de\",\"@id\":\"https:\\\/\\\/islas24.info\\\/product\\\/etiqueta-destacada\\\/#primaryimage\",\"url\":\"https:\\\/\\\/islas24.info\\\/wp-content\\\/uploads\\\/2024\\\/08\\\/featured.png\",\"contentUrl\":\"https:\\\/\\\/islas24.info\\\/wp-content\\\/uploads\\\/2024\\\/08\\\/featured.png\",\"width\":512,\"height\":512},{\"@type\":\"BreadcrumbList\",\"@id\":\"https:\\\/\\\/islas24.info\\\/product\\\/etiqueta-destacada\\\/#breadcrumb\",\"itemListElement\":[{\"@type\":\"ListItem\",\"position\":1,\"name\":\"Inicio\",\"item\":\"https:\\\/\\\/islas24.info\\\/\"},{\"@type\":\"ListItem\",\"position\":2,\"name\":\"Mi Isla &#8211; opciones\",\"item\":\"https:\\\/\\\/islas24.info\\\/opciones\\\/\"},{\"@type\":\"ListItem\",\"position\":3,\"name\":\"Etiqueta destacada\"}]},{\"@type\":\"WebSite\",\"@id\":\"https:\\\/\\\/islas24.info\\\/#website\",\"url\":\"https:\\\/\\\/islas24.info\\\/\",\"name\":\"Islas24.info\",\"description\":\"Encuentra lo que buscas\",\"publisher\":{\"@id\":\"https:\\\/\\\/islas24.info\\\/#organization\"},\"potentialAction\":[{\"@type\":\"SearchAction\",\"target\":{\"@type\":\"EntryPoint\",\"urlTemplate\":\"https:\\\/\\\/islas24.info\\\/?s={search_term_string}\"},\"query-input\":{\"@type\":\"PropertyValueSpecification\",\"valueRequired\":true,\"valueName\":\"search_term_string\"}}],\"inLanguage\":\"de\"},{\"@type\":\"Organization\",\"@id\":\"https:\\\/\\\/islas24.info\\\/#organization\",\"name\":\"Islas24.info\",\"url\":\"https:\\\/\\\/islas24.info\\\/\",\"logo\":{\"@type\":\"ImageObject\",\"inLanguage\":\"de\",\"@id\":\"https:\\\/\\\/islas24.info\\\/#\\\/schema\\\/logo\\\/image\\\/\",\"url\":\"https:\\\/\\\/islas24.info\\\/wp-content\\\/uploads\\\/2024\\\/06\\\/islas24.info_es.png\",\"contentUrl\":\"https:\\\/\\\/islas24.info\\\/wp-content\\\/uploads\\\/2024\\\/06\\\/islas24.info_es.png\",\"width\":354,\"height\":80,\"caption\":\"Islas24.info\"},\"image\":{\"@id\":\"https:\\\/\\\/islas24.info\\\/#\\\/schema\\\/logo\\\/image\\\/\"},\"sameAs\":[\"https:\\\/\\\/www.facebook.com\\\/islas24.info\",\"https:\\\/\\\/www.instagram.com\\\/islas24info\"],\"publishingPrinciples\":\"https:\\\/\\\/islas24.info\\\/aviso-legal\\\/\",\"ownershipFundingInfo\":\"https:\\\/\\\/islas24.info\\\/aviso-legal\\\/\",\"actionableFeedbackPolicy\":\"https:\\\/\\\/islas24.info\\\/aviso-legal\\\/\"}]}<\/script>\n<!-- \/ Yoast SEO Premium plugin. -->","yoast_head_json":{"title":"Etiqueta destacada - Islas24 info","robots":{"index":"index","follow":"follow","max-snippet":"max-snippet:-1","max-image-preview":"max-image-preview:large","max-video-preview":"max-video-preview:-1"},"canonical":"https:\/\/islas24.info\/de\/product\/etiqueta-destacada\/","og_locale":"de_DE","og_type":"article","og_title":"Etiqueta destacada","og_description":"\u00a1Elige el Listado Destacado y haz que tu negocio sea a\u00fan m\u00e1s visible en Islas24! Durante un mes completo, mostraremos tu negocio en una posici\u00f3n destacada, lo que garantiza que sea uno de los primeros en aparecer a los visitantes, asegurando un mayor inter\u00e9s y alcance.  \u00a1No te pierdas esta oportunidad excepcional, destaca tu negocio entre la multitud!","og_url":"https:\/\/islas24.info\/de\/product\/etiqueta-destacada\/","og_site_name":"Islas24 info","article_publisher":"https:\/\/www.facebook.com\/islas24.info","article_modified_time":"2024-08-19T12:06:27+00:00","og_image":[{"width":512,"height":512,"url":"https:\/\/islas24.info\/wp-content\/uploads\/2024\/08\/featured.png","type":"image\/png"}],"schema":{"@context":"https:\/\/schema.org","@graph":[{"@type":"WebPage","@id":"https:\/\/islas24.info\/product\/etiqueta-destacada\/","url":"https:\/\/islas24.info\/product\/etiqueta-destacada\/","name":"Etiqueta destacada - Islas24 info","isPartOf":{"@id":"https:\/\/islas24.info\/#website"},"primaryImageOfPage":{"@id":"https:\/\/islas24.info\/product\/etiqueta-destacada\/#primaryimage"},"image":{"@id":"https:\/\/islas24.info\/product\/etiqueta-destacada\/#primaryimage"},"thumbnailUrl":"https:\/\/islas24.info\/wp-content\/uploads\/2024\/08\/featured.png","datePublished":"2024-08-19T09:14:44+00:00","dateModified":"2024-08-19T12:06:27+00:00","breadcrumb":{"@id":"https:\/\/islas24.info\/product\/etiqueta-destacada\/#breadcrumb"},"inLanguage":"de","potentialAction":[{"@type":"ReadAction","target":["https:\/\/islas24.info\/product\/etiqueta-destacada\/"]}]},{"@type":"ImageObject","inLanguage":"de","@id":"https:\/\/islas24.info\/product\/etiqueta-destacada\/#primaryimage","url":"https:\/\/islas24.info\/wp-content\/uploads\/2024\/08\/featured.png","contentUrl":"https:\/\/islas24.info\/wp-content\/uploads\/2024\/08\/featured.png","width":512,"height":512},{"@type":"BreadcrumbList","@id":"https:\/\/islas24.info\/product\/etiqueta-destacada\/#breadcrumb","itemListElement":[{"@type":"ListItem","position":1,"name":"Inicio","item":"https:\/\/islas24.info\/"},{"@type":"ListItem","position":2,"name":"Mi Isla &#8211; opciones","item":"https:\/\/islas24.info\/opciones\/"},{"@type":"ListItem","position":3,"name":"Etiqueta destacada"}]},{"@type":"WebSite","@id":"https:\/\/islas24.info\/#website","url":"https:\/\/islas24.info\/","name":"Islas24.info","description":"Finden Sie, was Sie suchen","publisher":{"@id":"https:\/\/islas24.info\/#organization"},"potentialAction":[{"@type":"SearchAction","target":{"@type":"EntryPoint","urlTemplate":"https:\/\/islas24.info\/?s={search_term_string}"},"query-input":{"@type":"PropertyValueSpecification","valueRequired":true,"valueName":"search_term_string"}}],"inLanguage":"de"},{"@type":"Organization","@id":"https:\/\/islas24.info\/#organization","name":"Islas24.info","url":"https:\/\/islas24.info\/","logo":{"@type":"ImageObject","inLanguage":"de","@id":"https:\/\/islas24.info\/#\/schema\/logo\/image\/","url":"https:\/\/islas24.info\/wp-content\/uploads\/2024\/06\/islas24.info_es.png","contentUrl":"https:\/\/islas24.info\/wp-content\/uploads\/2024\/06\/islas24.info_es.png","width":354,"height":80,"caption":"Islas24.info"},"image":{"@id":"https:\/\/islas24.info\/#\/schema\/logo\/image\/"},"sameAs":["https:\/\/www.facebook.com\/islas24.info","https:\/\/www.instagram.com\/islas24info"],"publishingPrinciples":"https:\/\/islas24.info\/aviso-legal\/","ownershipFundingInfo":"https:\/\/islas24.info\/aviso-legal\/","actionableFeedbackPolicy":"https:\/\/islas24.info\/aviso-legal\/"}]}},"uagb_featured_image_src":{"full":["https:\/\/islas24.info\/wp-content\/uploads\/2024\/08\/featured.png",512,512,false],"thumbnail":["https:\/\/islas24.info\/wp-content\/uploads\/2024\/08\/featured-150x150.png",150,150,true],"medium":["https:\/\/islas24.info\/wp-content\/uploads\/2024\/08\/featured-300x300.png",300,300,true],"medium_large":["https:\/\/islas24.info\/wp-content\/uploads\/2024\/08\/featured.png",512,512,false],"large":["https:\/\/islas24.info\/wp-content\/uploads\/2024\/08\/featured.png",512,512,false],"1536x1536":["https:\/\/islas24.info\/wp-content\/uploads\/2024\/08\/featured.png",512,512,false],"2048x2048":["https:\/\/islas24.info\/wp-content\/uploads\/2024\/08\/featured.png",512,512,false],"trp-custom-language-flag":["https:\/\/islas24.info\/wp-content\/uploads\/2024\/08\/featured-12x12.png",12,12,true],"hp_square_small":["https:\/\/islas24.info\/wp-content\/uploads\/2024\/08\/featured-400x400.png",400,400,true],"hp_landscape_small":["https:\/\/islas24.info\/wp-content\/uploads\/2024\/08\/featured-400x300.png",400,300,true],"hp_landscape_large":["https:\/\/islas24.info\/wp-content\/uploads\/2024\/08\/featured.png",512,512,false],"ht_portrait_small":["https:\/\/islas24.info\/wp-content\/uploads\/2024\/08\/featured-400x512.png",400,512,true],"ht_landscape_large":["https:\/\/islas24.info\/wp-content\/uploads\/2024\/08\/featured-512x450.png",512,450,true],"ht_cover_large":["https:\/\/islas24.info\/wp-content\/uploads\/2024\/08\/featured.png",512,512,false],"woocommerce_thumbnail":["https:\/\/islas24.info\/wp-content\/uploads\/2024\/08\/featured-400x400.png",400,400,true],"woocommerce_single":["https:\/\/islas24.info\/wp-content\/uploads\/2024\/08\/featured.png",512,512,false],"woocommerce_gallery_thumbnail":["https:\/\/islas24.info\/wp-content\/uploads\/2024\/08\/featured-100x100.png",100,100,true]},"uagb_author_info":{"display_name":"Islas24","author_link":"https:\/\/islas24.info\/de\/author\/"},"uagb_comment_info":0,"uagb_excerpt":"\u00a1Elige el Listado Destacado y haz que tu negocio sea a\u00fan m\u00e1s visible en Islas24! Durante un mes completo, mostraremos tu negocio en una posici\u00f3n destacada, lo que garantiza que sea uno de los primeros en aparecer a los visitantes, asegurando un mayor inter\u00e9s y alcance. \u00a1No te pierdas esta oportunidad excepcional, destaca tu negocio&hellip;","_links":{"self":[{"href":"https:\/\/islas24.info\/de\/wp-json\/wp\/v2\/product\/959","targetHints":{"allow":["GET"]}}],"collection":[{"href":"https:\/\/islas24.info\/de\/wp-json\/wp\/v2\/product"}],"about":[{"href":"https:\/\/islas24.info\/de\/wp-json\/wp\/v2\/types\/product"}],"wp:featuredmedia":[{"embeddable":true,"href":"https:\/\/islas24.info\/de\/wp-json\/wp\/v2\/media\/960"}],"wp:attachment":[{"href":"https:\/\/islas24.info\/de\/wp-json\/wp\/v2\/media?parent=959"}],"wp:term":[{"taxonomy":"product_brand","embeddable":true,"href":"https:\/\/islas24.info\/de\/wp-json\/wp\/v2\/product_brand?post=959"},{"taxonomy":"product_cat","embeddable":true,"href":"https:\/\/islas24.info\/de\/wp-json\/wp\/v2\/product_cat?post=959"},{"taxonomy":"product_tag","embeddable":true,"href":"https:\/\/islas24.info\/de\/wp-json\/wp\/v2\/product_tag?post=959"}],"curies":[{"name":"wp","href":"https:\/\/api.w.org\/{rel}","templated":true}]}}