{"id":519,"date":"2024-05-27T15:17:35","date_gmt":"2024-05-27T13:17:35","guid":{"rendered":"https:\/\/islas24.info\/?post_type=product&#038;p=519"},"modified":"2024-09-01T18:00:48","modified_gmt":"2024-09-01T17:00:48","slug":"paquete-bronce","status":"publish","type":"product","link":"https:\/\/islas24.info\/de\/product\/paquete-bronce\/","title":{"rendered":"Bronze-Paket"},"content":{"rendered":"<h4 class=\"first-token\" data-sourcepos=\"1:1-1:31\"><span style=\"font-size: 1.3125rem;\">Das Bronze-Paket garantiert die grundlegende Pr\u00e4senz Ihres Unternehmens auf Islas24.<\/span><\/h4>\n<div class=\"presented-response-container ng-tns-c67511322-2166\">\n<div class=\"response-container-content ng-tns-c67511322-2166\">\n<div class=\"response-content ng-tns-c67511322-2166\">\n<div class=\"markdown markdown-main-panel\" dir=\"ltr\">\n<h5 class=\"first-token\" data-sourcepos=\"1:1-1:15\"><strong>Kostenlose Pr\u00e4senz auf der Website.<\/strong><\/h5>\n<\/div>\n<\/div>\n<\/div>\n<\/div>\n<h6 data-sourcepos=\"3:1-3:28\"><span style=\"text-decoration: underline;\"><strong>Daten, die angezeigt werden k\u00f6nnen:<\/strong><\/span><\/h6>\n<ul data-sourcepos=\"6:5-9:4\">\n<li style=\"font-weight: 400;\" aria-level=\"1\"><span style=\"font-weight: 400;\">Name<\/span><\/li>\n<li style=\"font-weight: 400;\" aria-level=\"1\"><span style=\"font-weight: 400;\">Adresse<\/span><\/li>\n<li style=\"font-weight: 400;\" aria-level=\"1\"><span style=\"font-weight: 400;\">E-Mail Adresse<\/span><\/li>\n<li style=\"font-weight: 400;\" aria-level=\"1\"><span style=\"font-weight: 400;\">Rufnummer<\/span><\/li>\n<li style=\"font-weight: 400;\" aria-level=\"1\"><span style=\"font-weight: 400;\">Fotos (maximal 5)<\/span><\/li>\n<li style=\"font-weight: 400;\" aria-level=\"1\"><span style=\"font-weight: 400;\">Beschreibung<\/span><\/li>\n<\/ul>\n<p><span style=\"font-weight: 400;\">Aktiv f\u00fcr 1 Jahr<\/span><\/p>","protected":false},"excerpt":{"rendered":"<h4 class=\"first-token\" data-sourcepos=\"1:1-1:31\"><span style=\"font-size: 1.3125rem;\">Das Bronze-Paket garantiert die grundlegende Pr\u00e4senz Ihres Unternehmens auf Islas24.<\/span><\/h4>\n<div class=\"presented-response-container ng-tns-c67511322-2166\">\n<div class=\"response-container-content ng-tns-c67511322-2166\">\n<div class=\"response-content ng-tns-c67511322-2166\">\n<div class=\"markdown markdown-main-panel\" dir=\"ltr\">\n<h5 class=\"first-token\" data-sourcepos=\"1:1-1:15\"><strong>Kostenlose Pr\u00e4senz auf der Website.<\/strong><\/h5>\n<\/div>\n<\/div>\n<\/div>\n<\/div>\n<h6 data-sourcepos=\"3:1-3:28\"><span style=\"text-decoration: underline;\"><strong>Daten, die angezeigt werden k\u00f6nnen:<\/strong><\/span><\/h6>\n<ul data-sourcepos=\"6:5-9:4\">\n<li style=\"font-weight: 400;\" aria-level=\"1\"><span style=\"font-weight: 400;\">Name<\/span><\/li>\n<li style=\"font-weight: 400;\" aria-level=\"1\"><span style=\"font-weight: 400;\">Adresse<\/span><\/li>\n<li style=\"font-weight: 400;\" aria-level=\"1\"><span style=\"font-weight: 400;\">E-Mail Adresse<\/span><\/li>\n<li style=\"font-weight: 400;\" aria-level=\"1\"><span style=\"font-weight: 400;\">Rufnummer<\/span><\/li>\n<li style=\"font-weight: 400;\" aria-level=\"1\"><span style=\"font-weight: 400;\">Fotos (maximal 5)<\/span><\/li>\n<li style=\"font-weight: 400;\" aria-level=\"1\"><span style=\"font-weight: 400;\">Beschreibung<\/span><\/li>\n<\/ul>\n<p><span style=\"font-weight: 400;\">Aktiv f\u00fcr 1 Jahr<\/span><\/p>","protected":false},"featured_media":927,"template":"","meta":{"_uag_custom_page_level_css":""},"product_brand":[],"product_cat":[139],"product_tag":[],"class_list":{"0":"post-519","1":"product","2":"type-product","3":"status-publish","4":"has-post-thumbnail","6":"product_cat-apariencia-en-linea","8":"first","9":"instock","10":"virtual","11":"purchasable","12":"product-type-simple"},"yoast_head":"<!-- This site is optimized with the Yoast SEO Premium plugin v27.3 (Yoast SEO v27.3) - https:\/\/yoast.com\/product\/yoast-seo-premium-wordpress\/ -->\n<title>Paquete Bronce - Islas24 info<\/title>\n<meta name=\"robots\" content=\"index, follow, max-snippet:-1, max-image-preview:large, max-video-preview:-1\" \/>\n<link rel=\"canonical\" href=\"https:\/\/islas24.info\/de\/product\/paquete-bronce\/\" \/>\n<meta property=\"og:locale\" content=\"de_DE\" \/>\n<meta property=\"og:type\" content=\"article\" \/>\n<meta property=\"og:title\" content=\"Paquete Bronce\" \/>\n<meta property=\"og:description\" content=\"Paquete Bronce garantiza la presencia b\u00e1sica de tu negocio en Islas24.     Presencia gratuita en la p\u00e1gina.     Datos que se pueden mostrar:   Nombre  Direcci\u00f3n  Direcci\u00f3n de correo electr\u00f3nico  N\u00famero de tel\u00e9fono  Fotos (m\u00e1ximo 5)  Descripci\u00f3n  Activo por 1 a\u00f1o\" \/>\n<meta property=\"og:url\" content=\"https:\/\/islas24.info\/de\/product\/paquete-bronce\/\" \/>\n<meta property=\"og:site_name\" content=\"Islas24 info\" \/>\n<meta property=\"article:publisher\" content=\"https:\/\/www.facebook.com\/islas24.info\" \/>\n<meta property=\"article:modified_time\" content=\"2024-09-01T17:00:48+00:00\" \/>\n<meta property=\"og:image\" content=\"https:\/\/islas24.info\/wp-content\/uploads\/2024\/05\/bronz.png\" \/>\n\t<meta property=\"og:image:width\" content=\"512\" \/>\n\t<meta property=\"og:image:height\" content=\"512\" \/>\n\t<meta property=\"og:image:type\" content=\"image\/png\" \/>\n<script type=\"application\/ld+json\" class=\"yoast-schema-graph\">{\"@context\":\"https:\\\/\\\/schema.org\",\"@graph\":[{\"@type\":\"WebPage\",\"@id\":\"https:\\\/\\\/islas24.info\\\/product\\\/paquete-bronce\\\/\",\"url\":\"https:\\\/\\\/islas24.info\\\/product\\\/paquete-bronce\\\/\",\"name\":\"Paquete Bronce - Islas24 info\",\"isPartOf\":{\"@id\":\"https:\\\/\\\/islas24.info\\\/#website\"},\"primaryImageOfPage\":{\"@id\":\"https:\\\/\\\/islas24.info\\\/product\\\/paquete-bronce\\\/#primaryimage\"},\"image\":{\"@id\":\"https:\\\/\\\/islas24.info\\\/product\\\/paquete-bronce\\\/#primaryimage\"},\"thumbnailUrl\":\"https:\\\/\\\/islas24.info\\\/wp-content\\\/uploads\\\/2024\\\/05\\\/bronz.png\",\"datePublished\":\"2024-05-27T13:17:35+00:00\",\"dateModified\":\"2024-09-01T17:00:48+00:00\",\"breadcrumb\":{\"@id\":\"https:\\\/\\\/islas24.info\\\/product\\\/paquete-bronce\\\/#breadcrumb\"},\"inLanguage\":\"de\",\"potentialAction\":[{\"@type\":\"ReadAction\",\"target\":[\"https:\\\/\\\/islas24.info\\\/product\\\/paquete-bronce\\\/\"]}]},{\"@type\":\"ImageObject\",\"inLanguage\":\"de\",\"@id\":\"https:\\\/\\\/islas24.info\\\/product\\\/paquete-bronce\\\/#primaryimage\",\"url\":\"https:\\\/\\\/islas24.info\\\/wp-content\\\/uploads\\\/2024\\\/05\\\/bronz.png\",\"contentUrl\":\"https:\\\/\\\/islas24.info\\\/wp-content\\\/uploads\\\/2024\\\/05\\\/bronz.png\",\"width\":512,\"height\":512},{\"@type\":\"BreadcrumbList\",\"@id\":\"https:\\\/\\\/islas24.info\\\/product\\\/paquete-bronce\\\/#breadcrumb\",\"itemListElement\":[{\"@type\":\"ListItem\",\"position\":1,\"name\":\"Inicio\",\"item\":\"https:\\\/\\\/islas24.info\\\/\"},{\"@type\":\"ListItem\",\"position\":2,\"name\":\"Mi Isla &#8211; opciones\",\"item\":\"https:\\\/\\\/islas24.info\\\/opciones\\\/\"},{\"@type\":\"ListItem\",\"position\":3,\"name\":\"Paquete Bronce\"}]},{\"@type\":\"WebSite\",\"@id\":\"https:\\\/\\\/islas24.info\\\/#website\",\"url\":\"https:\\\/\\\/islas24.info\\\/\",\"name\":\"Islas24.info\",\"description\":\"Encuentra lo que buscas\",\"publisher\":{\"@id\":\"https:\\\/\\\/islas24.info\\\/#organization\"},\"potentialAction\":[{\"@type\":\"SearchAction\",\"target\":{\"@type\":\"EntryPoint\",\"urlTemplate\":\"https:\\\/\\\/islas24.info\\\/?s={search_term_string}\"},\"query-input\":{\"@type\":\"PropertyValueSpecification\",\"valueRequired\":true,\"valueName\":\"search_term_string\"}}],\"inLanguage\":\"de\"},{\"@type\":\"Organization\",\"@id\":\"https:\\\/\\\/islas24.info\\\/#organization\",\"name\":\"Islas24.info\",\"url\":\"https:\\\/\\\/islas24.info\\\/\",\"logo\":{\"@type\":\"ImageObject\",\"inLanguage\":\"de\",\"@id\":\"https:\\\/\\\/islas24.info\\\/#\\\/schema\\\/logo\\\/image\\\/\",\"url\":\"https:\\\/\\\/islas24.info\\\/wp-content\\\/uploads\\\/2024\\\/06\\\/islas24.info_es.png\",\"contentUrl\":\"https:\\\/\\\/islas24.info\\\/wp-content\\\/uploads\\\/2024\\\/06\\\/islas24.info_es.png\",\"width\":354,\"height\":80,\"caption\":\"Islas24.info\"},\"image\":{\"@id\":\"https:\\\/\\\/islas24.info\\\/#\\\/schema\\\/logo\\\/image\\\/\"},\"sameAs\":[\"https:\\\/\\\/www.facebook.com\\\/islas24.info\",\"https:\\\/\\\/www.instagram.com\\\/islas24info\"],\"publishingPrinciples\":\"https:\\\/\\\/islas24.info\\\/aviso-legal\\\/\",\"ownershipFundingInfo\":\"https:\\\/\\\/islas24.info\\\/aviso-legal\\\/\",\"actionableFeedbackPolicy\":\"https:\\\/\\\/islas24.info\\\/aviso-legal\\\/\"}]}<\/script>\n<!-- \/ Yoast SEO Premium plugin. -->","yoast_head_json":{"title":"Paquete Bronce - Islas24 info","robots":{"index":"index","follow":"follow","max-snippet":"max-snippet:-1","max-image-preview":"max-image-preview:large","max-video-preview":"max-video-preview:-1"},"canonical":"https:\/\/islas24.info\/de\/product\/paquete-bronce\/","og_locale":"de_DE","og_type":"article","og_title":"Paquete Bronce","og_description":"Paquete Bronce garantiza la presencia b\u00e1sica de tu negocio en Islas24.     Presencia gratuita en la p\u00e1gina.     Datos que se pueden mostrar:   Nombre  Direcci\u00f3n  Direcci\u00f3n de correo electr\u00f3nico  N\u00famero de tel\u00e9fono  Fotos (m\u00e1ximo 5)  Descripci\u00f3n  Activo por 1 a\u00f1o","og_url":"https:\/\/islas24.info\/de\/product\/paquete-bronce\/","og_site_name":"Islas24 info","article_publisher":"https:\/\/www.facebook.com\/islas24.info","article_modified_time":"2024-09-01T17:00:48+00:00","og_image":[{"width":512,"height":512,"url":"https:\/\/islas24.info\/wp-content\/uploads\/2024\/05\/bronz.png","type":"image\/png"}],"schema":{"@context":"https:\/\/schema.org","@graph":[{"@type":"WebPage","@id":"https:\/\/islas24.info\/product\/paquete-bronce\/","url":"https:\/\/islas24.info\/product\/paquete-bronce\/","name":"Paquete Bronce - Islas24 info","isPartOf":{"@id":"https:\/\/islas24.info\/#website"},"primaryImageOfPage":{"@id":"https:\/\/islas24.info\/product\/paquete-bronce\/#primaryimage"},"image":{"@id":"https:\/\/islas24.info\/product\/paquete-bronce\/#primaryimage"},"thumbnailUrl":"https:\/\/islas24.info\/wp-content\/uploads\/2024\/05\/bronz.png","datePublished":"2024-05-27T13:17:35+00:00","dateModified":"2024-09-01T17:00:48+00:00","breadcrumb":{"@id":"https:\/\/islas24.info\/product\/paquete-bronce\/#breadcrumb"},"inLanguage":"de","potentialAction":[{"@type":"ReadAction","target":["https:\/\/islas24.info\/product\/paquete-bronce\/"]}]},{"@type":"ImageObject","inLanguage":"de","@id":"https:\/\/islas24.info\/product\/paquete-bronce\/#primaryimage","url":"https:\/\/islas24.info\/wp-content\/uploads\/2024\/05\/bronz.png","contentUrl":"https:\/\/islas24.info\/wp-content\/uploads\/2024\/05\/bronz.png","width":512,"height":512},{"@type":"BreadcrumbList","@id":"https:\/\/islas24.info\/product\/paquete-bronce\/#breadcrumb","itemListElement":[{"@type":"ListItem","position":1,"name":"Inicio","item":"https:\/\/islas24.info\/"},{"@type":"ListItem","position":2,"name":"Mi Isla &#8211; opciones","item":"https:\/\/islas24.info\/opciones\/"},{"@type":"ListItem","position":3,"name":"Paquete Bronce"}]},{"@type":"WebSite","@id":"https:\/\/islas24.info\/#website","url":"https:\/\/islas24.info\/","name":"Islas24.info","description":"Finden Sie, was Sie suchen","publisher":{"@id":"https:\/\/islas24.info\/#organization"},"potentialAction":[{"@type":"SearchAction","target":{"@type":"EntryPoint","urlTemplate":"https:\/\/islas24.info\/?s={search_term_string}"},"query-input":{"@type":"PropertyValueSpecification","valueRequired":true,"valueName":"search_term_string"}}],"inLanguage":"de"},{"@type":"Organization","@id":"https:\/\/islas24.info\/#organization","name":"Islas24.info","url":"https:\/\/islas24.info\/","logo":{"@type":"ImageObject","inLanguage":"de","@id":"https:\/\/islas24.info\/#\/schema\/logo\/image\/","url":"https:\/\/islas24.info\/wp-content\/uploads\/2024\/06\/islas24.info_es.png","contentUrl":"https:\/\/islas24.info\/wp-content\/uploads\/2024\/06\/islas24.info_es.png","width":354,"height":80,"caption":"Islas24.info"},"image":{"@id":"https:\/\/islas24.info\/#\/schema\/logo\/image\/"},"sameAs":["https:\/\/www.facebook.com\/islas24.info","https:\/\/www.instagram.com\/islas24info"],"publishingPrinciples":"https:\/\/islas24.info\/aviso-legal\/","ownershipFundingInfo":"https:\/\/islas24.info\/aviso-legal\/","actionableFeedbackPolicy":"https:\/\/islas24.info\/aviso-legal\/"}]}},"uagb_featured_image_src":{"full":["https:\/\/islas24.info\/wp-content\/uploads\/2024\/05\/bronz.png",512,512,false],"thumbnail":["https:\/\/islas24.info\/wp-content\/uploads\/2024\/05\/bronz-150x150.png",150,150,true],"medium":["https:\/\/islas24.info\/wp-content\/uploads\/2024\/05\/bronz-300x300.png",300,300,true],"medium_large":["https:\/\/islas24.info\/wp-content\/uploads\/2024\/05\/bronz.png",512,512,false],"large":["https:\/\/islas24.info\/wp-content\/uploads\/2024\/05\/bronz.png",512,512,false],"1536x1536":["https:\/\/islas24.info\/wp-content\/uploads\/2024\/05\/bronz.png",512,512,false],"2048x2048":["https:\/\/islas24.info\/wp-content\/uploads\/2024\/05\/bronz.png",512,512,false],"trp-custom-language-flag":["https:\/\/islas24.info\/wp-content\/uploads\/2024\/05\/bronz-12x12.png",12,12,true],"hp_square_small":["https:\/\/islas24.info\/wp-content\/uploads\/2024\/05\/bronz-400x400.png",400,400,true],"hp_landscape_small":["https:\/\/islas24.info\/wp-content\/uploads\/2024\/05\/bronz-400x300.png",400,300,true],"hp_landscape_large":["https:\/\/islas24.info\/wp-content\/uploads\/2024\/05\/bronz.png",512,512,false],"ht_portrait_small":["https:\/\/islas24.info\/wp-content\/uploads\/2024\/05\/bronz-400x512.png",400,512,true],"ht_landscape_large":["https:\/\/islas24.info\/wp-content\/uploads\/2024\/05\/bronz-512x450.png",512,450,true],"ht_cover_large":["https:\/\/islas24.info\/wp-content\/uploads\/2024\/05\/bronz.png",512,512,false],"woocommerce_thumbnail":["https:\/\/islas24.info\/wp-content\/uploads\/2024\/05\/bronz-400x400.png",400,400,true],"woocommerce_single":["https:\/\/islas24.info\/wp-content\/uploads\/2024\/05\/bronz.png",512,512,false],"woocommerce_gallery_thumbnail":["https:\/\/islas24.info\/wp-content\/uploads\/2024\/05\/bronz-100x100.png",100,100,true]},"uagb_author_info":{"display_name":"Islas24","author_link":"https:\/\/islas24.info\/de\/author\/"},"uagb_comment_info":0,"uagb_excerpt":"Paquete Bronce garantiza la presencia b\u00e1sica de tu negocio en Islas24. Presencia gratuita en la p\u00e1gina. Datos que se pueden mostrar: Nombre Direcci\u00f3n Direcci\u00f3n de correo electr\u00f3nico N\u00famero de tel\u00e9fono Fotos (m\u00e1ximo 5) Descripci\u00f3n Activo por 1 a\u00f1o","_links":{"self":[{"href":"https:\/\/islas24.info\/de\/wp-json\/wp\/v2\/product\/519","targetHints":{"allow":["GET"]}}],"collection":[{"href":"https:\/\/islas24.info\/de\/wp-json\/wp\/v2\/product"}],"about":[{"href":"https:\/\/islas24.info\/de\/wp-json\/wp\/v2\/types\/product"}],"wp:featuredmedia":[{"embeddable":true,"href":"https:\/\/islas24.info\/de\/wp-json\/wp\/v2\/media\/927"}],"wp:attachment":[{"href":"https:\/\/islas24.info\/de\/wp-json\/wp\/v2\/media?parent=519"}],"wp:term":[{"taxonomy":"product_brand","embeddable":true,"href":"https:\/\/islas24.info\/de\/wp-json\/wp\/v2\/product_brand?post=519"},{"taxonomy":"product_cat","embeddable":true,"href":"https:\/\/islas24.info\/de\/wp-json\/wp\/v2\/product_cat?post=519"},{"taxonomy":"product_tag","embeddable":true,"href":"https:\/\/islas24.info\/de\/wp-json\/wp\/v2\/product_tag?post=519"}],"curies":[{"name":"wp","href":"https:\/\/api.w.org\/{rel}","templated":true}]}}