{"id":863,"date":"2024-08-17T11:44:39","date_gmt":"2024-08-17T10:44:39","guid":{"rendered":"https:\/\/islas24.info\/disclaimer\/"},"modified":"2025-05-07T15:20:35","modified_gmt":"2025-05-07T14:20:35","slug":"disclaimer","status":"publish","type":"page","link":"https:\/\/islas24.info\/de\/disclaimer\/","title":{"rendered":"Haftungsausschluss"},"content":{"rendered":"<!-- Legal document generated by Complianz | GDPR\/CCPA Cookie Consent https:\/\/wordpress.org\/plugins\/complianz-gdpr -->\n<div id=\"cmplz-document\" class=\"cmplz-document disclaimer cmplz-document-all\"><p>Eszter Trojak ist dazu verpflichtet, diese Website aktuell und akkurat zu halten. Solltest du dennoch auf irgendetwas sto\u00dfen, das veraltet oder inkorrekt ist, w\u00fcrden wir es sch\u00e4tzen, wenn du es uns wissen l\u00e4sst. Bitte gehen Sie weise darauf hin, wo Sie auf der Seite die Information gelesen haben. Wir werden uns dann so schnell wie m\u00f6glich darum k\u00fcmmern. Bitte sende deine R\u00fcckmeldung an: <span class=\"cmplz-obfuscate\">info@<span class=\"cmplz-fmail-domain\">ex.com<\/span>islas24.info<\/span>.<\/p><p>Wir \u00fcbernehmen keine Haftung f\u00fcr aus Ungenauigkeit oder Unvollst\u00e4ndigkeit resultierenden Verlustenden Verlust, noch f\u00fcr entstehenden Verlustenden Verlust oder Verbreitung von Informationen durch das Internet, wie St\u00f6rungen oder Unterbrechungen. Bei der Verwendung von Internetfomularen streben wir danach die Anzahl der ben\u00f6tigten Felder zu minimieren. Eszter Trojak \u00fcbernimmt keine Haftung f\u00fcr die Nutzung der von Eszter Trojak zur Verf\u00fcgung gestellten Daten, Informationen oder Ideen.<\/p><p>Die Verwendung der Website und aller ihrer Teile (einschlie\u00dflich Foren) unterliegen den <a href=\"https:\/\/islas24.info\/es\/aviso-legal\/\" target=\"_blank\">Nutzungsbedingungen<\/a>. Bereits die Verwendung der Website impliziert das Wissen und die Akzeptanz dieser Nutzungsbedingungen.<\/p><p>Per E-Mail oder mittels eines Internetfomulars versendete Antworten und Datenschutzanfragen werden in gleicher Weise wie Briefe behandelt. Dies bedeutet, dass Sie eine Antwort von uns innerhalb eines Monats zu einem sp\u00e4teren Zeitpunkt ablehnen k\u00f6nnen. Im Falle einer ungerechtfertigten Anfrage teilen wir Ihnen innerhalb eines Monats mit, ob wir maximal drei Monate ben\u00f6tigen.<\/p><p>Jegliche pers\u00f6nliche Information, welche du uns innerhalb des Kontexts deiner Antwort oder deines Antrags zur Verf\u00fcgung stellst, wird ausschlie\u00dflich gem\u00e4\u00df\u00dfer unsererer Datenschutzerkl\u00e4rung genutzt.<\/p><p>Eszter Trojak \u00fcbernimmt keine Verantwortung f\u00fcr den Inhalt von Websites, zu denen oder von denen ein Hyperlink oder ein anderer Verweis f\u00fchrt. Produkte oder Serviceleistungen, die von Drittanbietern angeboten werden, werden nach entsprechenden Bedingungen und Konditionen jener Drittanbieter behandelt werden.<\/p><p>Jegliches intellektuelle Eigentumsrecht an Inhalten auf dieser Website ist im Besitz von Eszter Trojak.<\/p><p>Das Kopieren, Verbreiten oder jegliche andere Nutzung dieses Materials ist ohne die schriftliche Erlaubnis von Eszter Trojak nicht gestattet, sofern in geltendem Gesetz nicht anders vereinbart oder ausgenommen (wie etwa das Recht zu zitieren), solang der spezifische Inhalt nichts anderes vorschreibt.<\/p><p>Wenn Sie Fragen oder Probleme mit der Zuverl\u00e4ssigkeit der Website haben, wenden Sie sich bitte nicht an uns.<\/p><\/div>","protected":false},"excerpt":{"rendered":"","protected":false},"author":15,"featured_media":0,"parent":0,"menu_order":0,"comment_status":"closed","ping_status":"closed","template":"","meta":{"_uag_custom_page_level_css":"","footnotes":""},"class_list":["post-863","page","type-page","status-publish","hentry"],"yoast_head":"<!-- This site is optimized with the Yoast SEO Premium plugin v27.3 (Yoast SEO v27.3) - https:\/\/yoast.com\/product\/yoast-seo-premium-wordpress\/ -->\n<title>Disclaimer - Islas24 info<\/title>\n<meta name=\"robots\" content=\"index, follow, max-snippet:-1, max-image-preview:large, max-video-preview:-1\" \/>\n<link rel=\"canonical\" href=\"https:\/\/islas24.info\/de\/disclaimer\/\" \/>\n<meta property=\"og:locale\" content=\"de_DE\" \/>\n<meta property=\"og:type\" content=\"article\" \/>\n<meta property=\"og:title\" content=\"Disclaimer\" \/>\n<meta property=\"og:url\" content=\"https:\/\/islas24.info\/de\/disclaimer\/\" \/>\n<meta property=\"og:site_name\" content=\"Islas24 info\" \/>\n<meta property=\"article:publisher\" content=\"https:\/\/www.facebook.com\/islas24.info\" \/>\n<meta property=\"article:modified_time\" content=\"2025-05-07T14:20:35+00:00\" \/>\n<script type=\"application\/ld+json\" class=\"yoast-schema-graph\">{\"@context\":\"https:\\\/\\\/schema.org\",\"@graph\":[{\"@type\":\"WebPage\",\"@id\":\"https:\\\/\\\/islas24.info\\\/disclaimer\\\/\",\"url\":\"https:\\\/\\\/islas24.info\\\/disclaimer\\\/\",\"name\":\"Disclaimer - Islas24 info\",\"isPartOf\":{\"@id\":\"https:\\\/\\\/islas24.info\\\/#website\"},\"datePublished\":\"2024-08-17T10:44:39+00:00\",\"dateModified\":\"2025-05-07T14:20:35+00:00\",\"breadcrumb\":{\"@id\":\"https:\\\/\\\/islas24.info\\\/disclaimer\\\/#breadcrumb\"},\"inLanguage\":\"de\",\"potentialAction\":[{\"@type\":\"ReadAction\",\"target\":[\"https:\\\/\\\/islas24.info\\\/disclaimer\\\/\"]}]},{\"@type\":\"BreadcrumbList\",\"@id\":\"https:\\\/\\\/islas24.info\\\/disclaimer\\\/#breadcrumb\",\"itemListElement\":[{\"@type\":\"ListItem\",\"position\":1,\"name\":\"Inicio\",\"item\":\"https:\\\/\\\/islas24.info\\\/\"},{\"@type\":\"ListItem\",\"position\":2,\"name\":\"Disclaimer\"}]},{\"@type\":\"WebSite\",\"@id\":\"https:\\\/\\\/islas24.info\\\/#website\",\"url\":\"https:\\\/\\\/islas24.info\\\/\",\"name\":\"Islas24.info\",\"description\":\"Encuentra lo que buscas\",\"publisher\":{\"@id\":\"https:\\\/\\\/islas24.info\\\/#organization\"},\"potentialAction\":[{\"@type\":\"SearchAction\",\"target\":{\"@type\":\"EntryPoint\",\"urlTemplate\":\"https:\\\/\\\/islas24.info\\\/?s={search_term_string}\"},\"query-input\":{\"@type\":\"PropertyValueSpecification\",\"valueRequired\":true,\"valueName\":\"search_term_string\"}}],\"inLanguage\":\"de\"},{\"@type\":\"Organization\",\"@id\":\"https:\\\/\\\/islas24.info\\\/#organization\",\"name\":\"Islas24.info\",\"url\":\"https:\\\/\\\/islas24.info\\\/\",\"logo\":{\"@type\":\"ImageObject\",\"inLanguage\":\"de\",\"@id\":\"https:\\\/\\\/islas24.info\\\/#\\\/schema\\\/logo\\\/image\\\/\",\"url\":\"https:\\\/\\\/islas24.info\\\/wp-content\\\/uploads\\\/2024\\\/06\\\/islas24.info_es.png\",\"contentUrl\":\"https:\\\/\\\/islas24.info\\\/wp-content\\\/uploads\\\/2024\\\/06\\\/islas24.info_es.png\",\"width\":354,\"height\":80,\"caption\":\"Islas24.info\"},\"image\":{\"@id\":\"https:\\\/\\\/islas24.info\\\/#\\\/schema\\\/logo\\\/image\\\/\"},\"sameAs\":[\"https:\\\/\\\/www.facebook.com\\\/islas24.info\",\"https:\\\/\\\/www.instagram.com\\\/islas24info\"],\"publishingPrinciples\":\"https:\\\/\\\/islas24.info\\\/aviso-legal\\\/\",\"ownershipFundingInfo\":\"https:\\\/\\\/islas24.info\\\/aviso-legal\\\/\",\"actionableFeedbackPolicy\":\"https:\\\/\\\/islas24.info\\\/aviso-legal\\\/\"}]}<\/script>\n<!-- \/ Yoast SEO Premium plugin. -->","yoast_head_json":{"title":"Disclaimer - Islas24 info","robots":{"index":"index","follow":"follow","max-snippet":"max-snippet:-1","max-image-preview":"max-image-preview:large","max-video-preview":"max-video-preview:-1"},"canonical":"https:\/\/islas24.info\/de\/disclaimer\/","og_locale":"de_DE","og_type":"article","og_title":"Disclaimer","og_url":"https:\/\/islas24.info\/de\/disclaimer\/","og_site_name":"Islas24 info","article_publisher":"https:\/\/www.facebook.com\/islas24.info","article_modified_time":"2025-05-07T14:20:35+00:00","schema":{"@context":"https:\/\/schema.org","@graph":[{"@type":"WebPage","@id":"https:\/\/islas24.info\/disclaimer\/","url":"https:\/\/islas24.info\/disclaimer\/","name":"Disclaimer - Islas24 info","isPartOf":{"@id":"https:\/\/islas24.info\/#website"},"datePublished":"2024-08-17T10:44:39+00:00","dateModified":"2025-05-07T14:20:35+00:00","breadcrumb":{"@id":"https:\/\/islas24.info\/disclaimer\/#breadcrumb"},"inLanguage":"de","potentialAction":[{"@type":"ReadAction","target":["https:\/\/islas24.info\/disclaimer\/"]}]},{"@type":"BreadcrumbList","@id":"https:\/\/islas24.info\/disclaimer\/#breadcrumb","itemListElement":[{"@type":"ListItem","position":1,"name":"Inicio","item":"https:\/\/islas24.info\/"},{"@type":"ListItem","position":2,"name":"Disclaimer"}]},{"@type":"WebSite","@id":"https:\/\/islas24.info\/#website","url":"https:\/\/islas24.info\/","name":"Islas24.info","description":"Finden Sie, was Sie suchen","publisher":{"@id":"https:\/\/islas24.info\/#organization"},"potentialAction":[{"@type":"SearchAction","target":{"@type":"EntryPoint","urlTemplate":"https:\/\/islas24.info\/?s={search_term_string}"},"query-input":{"@type":"PropertyValueSpecification","valueRequired":true,"valueName":"search_term_string"}}],"inLanguage":"de"},{"@type":"Organization","@id":"https:\/\/islas24.info\/#organization","name":"Islas24.info","url":"https:\/\/islas24.info\/","logo":{"@type":"ImageObject","inLanguage":"de","@id":"https:\/\/islas24.info\/#\/schema\/logo\/image\/","url":"https:\/\/islas24.info\/wp-content\/uploads\/2024\/06\/islas24.info_es.png","contentUrl":"https:\/\/islas24.info\/wp-content\/uploads\/2024\/06\/islas24.info_es.png","width":354,"height":80,"caption":"Islas24.info"},"image":{"@id":"https:\/\/islas24.info\/#\/schema\/logo\/image\/"},"sameAs":["https:\/\/www.facebook.com\/islas24.info","https:\/\/www.instagram.com\/islas24info"],"publishingPrinciples":"https:\/\/islas24.info\/aviso-legal\/","ownershipFundingInfo":"https:\/\/islas24.info\/aviso-legal\/","actionableFeedbackPolicy":"https:\/\/islas24.info\/aviso-legal\/"}]}},"uagb_featured_image_src":{"full":false,"thumbnail":false,"medium":false,"medium_large":false,"large":false,"1536x1536":false,"2048x2048":false,"trp-custom-language-flag":false,"hp_square_small":false,"hp_landscape_small":false,"hp_landscape_large":false,"ht_portrait_small":false,"ht_landscape_large":false,"ht_cover_large":false,"woocommerce_thumbnail":false,"woocommerce_single":false,"woocommerce_gallery_thumbnail":false},"uagb_author_info":{"display_name":"Islas24","author_link":"https:\/\/islas24.info\/de\/author\/islas24\/"},"uagb_comment_info":0,"uagb_excerpt":null,"_links":{"self":[{"href":"https:\/\/islas24.info\/de\/wp-json\/wp\/v2\/pages\/863","targetHints":{"allow":["GET"]}}],"collection":[{"href":"https:\/\/islas24.info\/de\/wp-json\/wp\/v2\/pages"}],"about":[{"href":"https:\/\/islas24.info\/de\/wp-json\/wp\/v2\/types\/page"}],"author":[{"embeddable":true,"href":"https:\/\/islas24.info\/de\/wp-json\/wp\/v2\/users\/15"}],"replies":[{"embeddable":true,"href":"https:\/\/islas24.info\/de\/wp-json\/wp\/v2\/comments?post=863"}],"version-history":[{"count":1,"href":"https:\/\/islas24.info\/de\/wp-json\/wp\/v2\/pages\/863\/revisions"}],"predecessor-version":[{"id":1529,"href":"https:\/\/islas24.info\/de\/wp-json\/wp\/v2\/pages\/863\/revisions\/1529"}],"wp:attachment":[{"href":"https:\/\/islas24.info\/de\/wp-json\/wp\/v2\/media?parent=863"}],"curies":[{"name":"wp","href":"https:\/\/api.w.org\/{rel}","templated":true}]}}