{"id":1528,"date":"2025-05-07T15:20:35","date_gmt":"2025-05-07T14:20:35","guid":{"rendered":"https:\/\/islas24.info\/privacy-statement-br\/"},"modified":"2025-05-07T15:20:35","modified_gmt":"2025-05-07T14:20:35","slug":"privacy-statement-br","status":"publish","type":"page","link":"https:\/\/islas24.info\/de\/privacy-statement-br\/","title":{"rendered":"Erkl\u00e4rung zum Datenschutz (BR)"},"content":{"rendered":"<!-- Legal document generated by Complianz | GDPR\/CCPA Cookie Consent https:\/\/wordpress.org\/plugins\/complianz-gdpr -->\n<div id=\"cmplz-document\" class=\"cmplz-document privacy-statement cmplz-document-br\"><p><i>Diese Datenschutzerkl\u00e4rung wurde zuletzt am 07.05.2025 aktualisiert und gilt f\u00fcr B\u00fcrger und Personen mit st\u00e4ndigem Wohnsitz in Brasilien.<\/i><br \/><br \/><\/p><p>In dieser Datenschutzerkl\u00e4rung erl\u00e4utern wir, was wir mit den Daten machen, die wir verwenden, um Sie zu informieren \u00fcber <a href=\"https:\/\/islas24.info\/de\">https:\/\/islas24.info\/de<\/a> gesammelt haben, tun. Wir empfehlen Ihnen, dieses Dokument sorgf\u00e4ltig zu lesen. W\u00e4hrend unserer Verarbeitung entsprechen wir den gesetzlichen Anforderungen. Dies bedeutet unter anderem:<\/p><ul>\n                <li>Wir geben klar die Zwecke f\u00fcr die wir pers\u00f6nliche Daten verarbeiten, an. Diese Datenschutzerkl\u00e4rung macht dies m\u00f6glich.<\/li>\n                <li>Wir zielen darauf ab, unsere Sammlung von pers\u00f6nlichen Daten auf jene pers\u00f6nlichen Daten zu beschr\u00e4nken, die aus legitimen Gr\u00fcnden ben\u00f6tigt werden.<\/li>\n                <li>Wir werden zun\u00e4chst dein explizites Einverst\u00e4ndnis einholen, wenn dies notwendig sein sollte, um deine pers\u00f6nlichen Daten zu verarbeiten.<\/li>\n                <li>Wir unternehmen angemessene Sicherheitsma\u00dfnahmen um deine pers\u00f6nlichen Daten zu sch\u00fctzen und verlangen dies ebenso von Parteien, die pers\u00f6nliche Daten in unserem Auftrag verarbeiten.<\/li>\n                <li>Wir respektieren Ihr Recht auf Einsichtnahme, Berichtigung oder L\u00f6schung Ihrer personenbezogenen Daten.<\/li>\n            <\/ul><p>Wenn du Fragen hast oder wissen m\u00f6chtest, welche pers\u00f6nlichen Daten wir \u00fcber dich haben, kontaktiere uns bitte.<\/p><h2>1. zweck, Daten und Aufbewahrungsfrist<\/h2>Wir k\u00f6nnen personenbezogene Daten f\u00fcr eine Reihe von Zwecken im Zusammenhang mit unsererer Gesch\u00e4ftst\u00e4tigkeit sammeln oder erhalten, darunter die folgenden: (zum Vergr\u00f6\u00dfern anklicken)<details class=\"cmplz-dropdown dropdown-privacy-statement\"><summary><div><h3>1.1 Kontakt - per Telefon, Post, E-Mail und\/oder Webformular<\/h3><\/div><\/summary><p class=\"cmplz-subtitle\">Zu diesem Zweck verwenden wir die folgenden Daten:<\/p><p><ul><li>Ein Vor- und Nachname<\/li><li>Name oder Pseudonym des Kontos<\/li><li>Ein Zuhause oder eine andere physische Adresse, einschlie\u00dflich Stra\u00dfenname und Name der Stadt\/Ort<\/li><li>Eine E-Mail-Adresse<\/li><li>Eine Telefonnummer<\/li><li>IP-Adresse<\/li><li>Geolokalisierungsdaten<\/li><\/ul><\/p><p class=\"cmplz-subtitle\">Die Grundlage, auf der wir diese Daten verarbeiten k\u00f6nnen, ist:<\/p><p><a target=\"_blank\" rel=\"noopener noreferrer nofollow\" href=\"https:\/\/cookiedatabase.org\/legal-bases\/#consent\">Nach Erteilung der Zustimmung.<\/a><\/p><p class=\"cmplz-subtitle\">Bewahrungsfrist<\/p><p>Wir speichern diese Daten bis zur Beendigung des Dienstes.<\/p><\/details><details class=\"cmplz-dropdown dropdown-privacy-statement\"><summary><div><h3>1.2 Auswahlm\u00f6glichkeiten<\/h3><\/div><\/summary><p class=\"cmplz-subtitle\">Zu diesem Zweck verwenden wir die folgenden Daten:<\/p><p><ul><li>Ein Vor- und Nachname<\/li><li>Name oder Pseudonym des Kontos<\/li><li>Ein Zuhause oder eine andere physische Adresse, einschlie\u00dflich Stra\u00dfenname und Name der Stadt\/Ort<\/li><li>Eine Telefonnummer<\/li><li>Eine E-Mail-Adresse<\/li><li>IP-Adresse<\/li><li>Geolokalisierungsdaten<\/li><li>Geburtsdatum<\/li><\/ul><\/p><p class=\"cmplz-subtitle\">Die Grundlage, auf der wir diese Daten verarbeiten k\u00f6nnen, ist:<\/p><p><a target=\"_blank\" rel=\"noopener noreferrer nofollow\" href=\"https:\/\/cookiedatabase.org\/legal-bases\/#consent\">Nach Erteilung der Zustimmung.<\/a><\/p><p class=\"cmplz-subtitle\">Bewahrungsfrist<\/p><p>Wir speichern diese Daten bis zur Beendigung des Dienstes.<\/p><\/details><details class=\"cmplz-dropdown dropdown-privacy-statement\"><summary><div><h3>1.3 Registrierung eines Kontos<\/h3><\/div><\/summary><p class=\"cmplz-subtitle\">Zu diesem Zweck verwenden wir die folgenden Daten:<\/p><p><ul><li>Ein Vor- und Nachname<\/li><li>Name oder Pseudonym des Kontos<\/li><li>Ein Zuhause oder eine andere physische Adresse, einschlie\u00dflich Stra\u00dfenname und Name der Stadt\/Ort<\/li><li>Eine E-Mail-Adresse<\/li><li>Eine Telefonnummer<\/li><li>IP-Adresse<\/li><li>Geolokalisierungsdaten<\/li><li>Fotos<\/li><\/ul><\/p><p class=\"cmplz-subtitle\">Die Grundlage, auf der wir diese Daten verarbeiten k\u00f6nnen, ist:<\/p><p><a target=\"_blank\" rel=\"noopener noreferrer nofollow\" href=\"https:\/\/cookiedatabase.org\/legal-bases\/#consent\">Nach Erteilung der Zustimmung.<\/a><\/p><p class=\"cmplz-subtitle\">Bewahrungsfrist<\/p><p>Wir speichern diese Daten bis zur Beendigung des Dienstes.<\/p><\/details><details class=\"cmplz-dropdown dropdown-privacy-statement\"><summary><div><h3>1.4 Rundschreiben<\/h3><\/div><\/summary><p class=\"cmplz-subtitle\">Zu diesem Zweck verwenden wir die folgenden Daten:<\/p><p><ul><li>Eine E-Mail-Adresse<\/li><\/ul><\/p><p class=\"cmplz-subtitle\">Die Grundlage, auf der wir diese Daten verarbeiten k\u00f6nnen, ist:<\/p><p><a target=\"_blank\" rel=\"noopener noreferrer nofollow\" href=\"https:\/\/cookiedatabase.org\/legal-bases\/#consent\">Nach Erteilung der Zustimmung.<\/a><\/p><p class=\"cmplz-subtitle\">Bewahrungsfrist<\/p><p>Wir speichern diese Daten bis zur Beendigung des Dienstes.<\/p><\/details><details class=\"cmplz-dropdown dropdown-privacy-statement\"><summary><div><h3>1.5 Zur Unterst\u00fctzung von Dienstleistungen oder Produkten, die ein Kunde kaufen m\u00f6chte oder gekauft hat<\/h3><\/div><\/summary><p class=\"cmplz-subtitle\">Zu diesem Zweck verwenden wir die folgenden Daten:<\/p><p><ul><li>Ein Vor- und Nachname<\/li><li>Name oder Pseudonym des Kontos<\/li><li>Ein Zuhause oder eine andere physische Adresse, einschlie\u00dflich Stra\u00dfenname und Name der Stadt\/Ort<\/li><li>Eine E-Mail-Adresse<\/li><li>Eine Telefonnummer<\/li><li>IP-Adresse<\/li><li>Geolokalisierungsdaten<\/li><li>Fotos<\/li><li>Soziale-Medien-Konten<\/li><\/ul><\/p><p class=\"cmplz-subtitle\">Die Grundlage, auf der wir diese Daten verarbeiten k\u00f6nnen, ist:<\/p><p><a target=\"_blank\" rel=\"noopener noreferrer nofollow\" href=\"https:\/\/cookiedatabase.org\/legal-bases\/#consent\">Nach Erteilung der Zustimmung.<\/a><\/p><p class=\"cmplz-subtitle\">Bewahrungsfrist<\/p><p>Wir speichern diese Daten bis zur Beendigung des Dienstes.<\/p><\/details><details class=\"cmplz-dropdown dropdown-privacy-statement\"><summary><div><h3>1.6 Um den gesetzlichen Verpflichtungen nachkommen zu k\u00f6nnen<\/h3><\/div><\/summary><p class=\"cmplz-subtitle\">Zu diesem Zweck verwenden wir die folgenden Daten:<\/p><p><ul><li>Ein Vor- und Nachname<\/li><li>Name oder Pseudonym des Kontos<\/li><li>Ein Zuhause oder eine andere physische Adresse, einschlie\u00dflich Stra\u00dfenname und Name der Stadt\/Ort<\/li><li>Eine E-Mail-Adresse<\/li><li>Eine Telefonnummer<\/li><li>IP-Adresse<\/li><li>Geolokalisierungsdaten<\/li><\/ul><\/p><p class=\"cmplz-subtitle\">Die Grundlage, auf der wir diese Daten verarbeiten k\u00f6nnen, ist:<\/p><p><a target=\"_blank\" rel=\"noopener noreferrer nofollow\" href=\"https:\/\/cookiedatabase.org\/legal-bases\/#consent\">Nach Erteilung der Zustimmung.<\/a><\/p><p class=\"cmplz-subtitle\">Bewahrungsfrist<\/p><p>Wir speichern diese Daten bis zur Beendigung des Dienstes.<\/p><\/details><details class=\"cmplz-dropdown dropdown-privacy-statement\"><summary><div><h3>1.7. die Erstellung und Analyse von Statistiken zur Verbesserung der Website.<\/h3><\/div><\/summary><p class=\"cmplz-subtitle\">Zu diesem Zweck verwenden wir die folgenden Daten:<\/p><p><ul><li>IP-Adresse<\/li><li>Name oder Pseudonym des Kontos<\/li><\/ul><\/p><p class=\"cmplz-subtitle\">Die Grundlage, auf der wir diese Daten verarbeiten k\u00f6nnen, ist:<\/p><p><a target=\"_blank\" rel=\"noopener noreferrer nofollow\" href=\"https:\/\/cookiedatabase.org\/legal-bases\/#consent\">Nach Erteilung der Zustimmung.<\/a><\/p><p class=\"cmplz-subtitle\">Bewahrungsfrist<\/p><p>Wir speichern diese Daten bis zur Beendigung des Dienstes.<\/p><\/details><details class=\"cmplz-dropdown dropdown-privacy-statement\"><summary><div><h3>1.8 Um personalisierte Produkte und Dienstleistungen anbieten zu k\u00f6nnen<\/h3><\/div><\/summary><p class=\"cmplz-subtitle\">Zu diesem Zweck verwenden wir die folgenden Daten:<\/p><p><ul><li>Name oder Pseudonym des Kontos<\/li><li>Ein Zuhause oder eine andere physische Adresse, einschlie\u00dflich Stra\u00dfenname und Name der Stadt\/Ort<\/li><\/ul><\/p><p class=\"cmplz-subtitle\">Die Grundlage, auf der wir diese Daten verarbeiten k\u00f6nnen, ist:<\/p><p><a target=\"_blank\" rel=\"noopener noreferrer nofollow\" href=\"https:\/\/cookiedatabase.org\/legal-bases\/#consent\">Nach Erteilung der Zustimmung.<\/a><\/p><p class=\"cmplz-subtitle\">Bewahrungsfrist<\/p><p>Wir speichern diese Daten bis zur Beendigung des Dienstes.<\/p><\/details><h2>2. was ist, wenn du uns deine personenbezogenen Daten nicht zur Verf\u00fcgung stellst?<\/h2><p>Wenn du uns deine personenbezogenen Daten nicht zur Verf\u00fcgung stellst, k\u00f6nnen wir dir m\u00f6glicherweise nicht die Informationen, Produkte oder Unterst\u00fctzung bereitstellen, die du suchst.<\/p><h2>3. die Weitergabe an andere Parteien<\/h2><p>Wir geben diese Daten nur zu folgenden Zwecken an Betreiber weiter:<\/p><p class=\"cmplz-subtitle\">Betreiber<\/p><p><b>Name:<\/b>&nbsp;Meta Platforms, Inc. (Facebook)<br \/>\n             <b>Land:<\/b>&nbsp;Vereinigte Staaten<br \/>\n             <b>Zweck:<\/b>&nbsp;Benutzerauthentifizierung \u00fcber Facebook-Login f\u00fcr die Anwendung i24login, die den Benutzern den Zugang zu sicheren Inhalten erm\u00f6glicht. Zu den verarbeiteten Daten geh\u00f6ren: Facebook-Benutzer-ID, Name, E-Mail-Adresse, Profilbild und grundlegende Profilinformationen, die f\u00fcr die Authentifizierung erforderlich sind.<br \/><\/p><h2>4. Cookies<\/h2><p>Unsere Website verwendet Cookies. F\u00fcr weitere Informationen \u00fcber Cookies, kontaktieren Sie uns bitte \u00fcber unser <a href=\"https:\/\/islas24.info\/de\/cookie-policy-br\/\">Cookie-Richtlinien<\/a> nach.&nbsp;<\/p><h2>5. Offenlegungspraktiken<\/h2><p><p>Wir legen personenbezogene Daten offen, wenn wir gesetzlich oder per Gerichtsbeschluss dazu verpflichtet sind, z. B. auf Anforderung einer Strafverfolgungsbeh\u00f6rde, soweit dies im Rahmen der gesetzlichen Bestimmungen zul\u00e4ssig ist, um Ausk\u00fcnfte zu erteilen, oder f\u00fcr eine Untersuchung in einer Angelegenheit, die die \u00f6ffentliche Sicherheit betrifft.<\/p><p>Wenn unsere Website oder unser Unternehmen im Rahmen einer Fusion oder \u00dcbernahme \u00fcbernommen oder verkauft wird, k\u00f6nnen deine Daten unseren Beratern und potenziellen K\u00e4ufern offengelegt und an die neuen Eigent\u00fcmer \u00fcbermittelt werden.<\/p><\/p><p>Wir haben mit Google einen Vertrag zur Auftragsdatenverarbeitung abgeschlossen.<\/p><h2>6. Sicherheit<\/h2><p>Wir verpflichten uns zur Sicherheit personenbezogener Daten und ergreifen geeignete Sicherheitsma\u00dfnahmen, um den Missbrauch von und den unbefugten Zugriff auf personenbezogene Daten zu verhindern. Dadurch wird sichergestellt, dass nur die erforderlichen Personen Zugriff auf Ihre Daten haben, der Zugriff auf die Daten gesch\u00fctzt ist und unsere Sicherheitsma\u00dfnahmen regelm\u00e4\u00dfig \u00fcberpr\u00fcft werden.<\/p><h2>7. Websites von Drittanbietern<\/h2><p>Diese Datenschutzerkl\u00e4rung gilt nicht f\u00fcr Websites von Dritten, die mit unserer Website verlinkt sind. Wir k\u00f6nnen nicht garantieren, dass diese Drittanbieter in der Lage sind, Ihre personenbezogenen Daten zuverl\u00e4ssig und sicher zu verarbeiten. Wir empfehlen Ihnen, die Datenschutzerkl\u00e4rungen dieser Websites vor deren Nutzung zu lesen.<\/p><h2>8. Erg\u00e4nzungen zu dieser Datenschutzerkl\u00e4rung<\/h2><p>Wir behalten uns das Recht vor, \u00c4nderungen an dieser Datenschutzerkl\u00e4rung vorzunehmen. Es wird notwendig sein, diese Datenschutzerkl\u00e4rung regelm\u00e4\u00dfig zu \u00fcberpr\u00fcfen, um uns \u00fcber \u00c4nderungen zu informieren. Dar\u00fcber hinaus informieren wir Sie wo immer m\u00f6glich.<\/p><h2>9. Zugang zu und Verarbeitung von Daten<\/h2><p>Wenn du Fragen hast oder wissen m\u00f6chtest, welche pers\u00f6nlichen Daten wir \u00fcber dich gespeichert haben, wende dich bitte an uns. Du kannst dich mit uns in Verbindung setzen, indem du die nachstehenden Informationen verwendest. Deine Rechte in Bezug auf personenbezogene Daten:<\/p><ul>\n                <li>Best\u00e4tigung des Vorhandenseins der Verarbeitung;<\/li>\n                <li>Zugriff auf die Daten;<\/li>\n                <li>Berichtigung unvollst\u00e4ndiger, ungenauer oder \u00fcberholter Daten;<\/li>\n                <li>Anonymisierung, Sperrung oder L\u00f6schung von unn\u00f6tigen, \u00fcberm\u00e4\u00dfigen oder im Widerspruch zu den Bestimmungen des Allgemeinen Gesetzes zum Schutz personenbezogener Daten (LGPD);<\/li>\n                <li>die \u00dcbertragbarkeit der Daten auf einen anderen Anbieter von Diensten oder Produkten auf ausdr\u00fccklichen Wunsch und gem\u00e4\u00df den Vorschriften der nationalen Beh\u00f6rde unter Wahrung der Gesch\u00e4fts- und Betriebsgeheimnisse;<\/li>\n                <li>L\u00f6schung der mit Zustimmung des Inhabers verarbeiteten personenbezogenen Daten, au\u00dfer in den in Art. 16 des Allgemeinen Gesetzes zum Schutz personenbezogener Daten (LGPD);<\/li>\n                <li>Informationen \u00fcber \u00f6ffentliche und private Stellen, mit denen der f\u00fcr die Verarbeitung Verantwortliche Daten ausgetauscht hat;<\/li>\n                <li>Informationen \u00fcber die M\u00f6glichkeit, die Einwilligung nicht zu erteilen, und \u00fcber die Folgen einer Verweigerung.<\/li>\n            <\/ul><p>Um diese Rechte zu entfernen, nehmen Sie bitte Kontakt mit uns auf. Bitte beachten Sie die Kontaktdaten am Ende dieser Datenschutzerkl\u00e4rung.<\/p>\n            <p>Bitte stelle sicher, dass du immer klar siehst, wer du bist, sodass wir sicher sein k\u00f6nnen, nicht die Daten der falschen Person zu bearbeiten oder zu l\u00f6schen.<\/p><h2>10. Eine Beschwerde \u00fcbermitteln<\/h2><p>Wenn du mit der Art und Weise, wie wir die Verarbeitung deiner personenbezogenen Daten handhabst, nicht zufrieden bist (Beschwerde), hast du das Recht, eine Beschwerde bei der nationalen Datenschutzbeh\u00f6rde (ANPD) einzureichen:<\/p><p><br \/>Nationale Datenschutzbeh\u00f6rde\n\t\t\t\t\t\t<br \/>\n\t\t\t\t\t\t<br \/>Esplanada dos Minist\u00e9rios,\n\t\t\t\t\t\t<br \/>Block C,\n\t\t\t\t\t\t<br \/>2. Spaziergang,\n\t\t\t\t\t\t<br \/>CEP 70297-400 - Bras\u00edlia - DF.\n\t\t\t\t\t\t<br \/><a href=\"https:\/\/www.gov.br\/anpd\/pt-br\/canais_atendimento\/\" target=\"_blank\">Website<\/a><\/p><h2>11. Kinder<\/h2><p>Unsere Website ist nicht f\u00fcr die Beaufsichtigung von Kindern gedacht, und es ist nicht unsere Absicht, pers\u00f6nliche Daten von Kindern zu sammeln, die in ihrem Heimatland noch nicht vollj\u00e4hrig sind. Wir bitten daher darum, dass Kinder unter der Vollj\u00e4hrigkeit keine personenbezogenen Daten an uns \u00fcbermitteln.<\/p><h2>12. Kontaktdaten<\/h2><p>Eszter Trojak<br \/>\n        San Agust\u00edn 77, Icod de los Vinos 38430<br \/>\nSanta Cruz de Tenerife <br \/>\n        Spanien<br \/>\n        Website: <a href=\"https:\/\/islas24.info\/de\">https:\/\/islas24.info\/de<\/a> <br \/>\n        E-Mail: <span class=\"cmplz-obfuscate\">info@<span class=\"cmplz-fmail-domain\">ex.com<\/span>&#105;&#115;la&#115;24.&#105;&#110;&#102;&#111;<\/span> <br \/>\n        Telefonnummer: +34 651 924 507<\/p><h2>13. Datenanfrage<\/h2><p>F\u00fcr die am h\u00e4ufigsten gestellten Fragen bieten wir auch die M\u00f6glichkeit, unser Datenanforderungsformular zu nutzen<br \/>\t\t\t<div class=\"cmplz-datarequest cmplz-alert\">\n\t\t\t\t<span class=\"cmplz-close\">\u00d7<\/span>\n\t\t\t\t<span id=\"cmplz-message\"><\/span>\n\t\t\t<\/div>\n\t\t\t<form id=\"cmplz-datarequest-form\" action=\"\">\n\t\t\t\t<input type=\"hidden\" required value=\"br\" name=\"cmplz_datarequest_region\" id=\"cmplz_datarequest_region\" >\n\n\t\t\t\t<label for=\"cmplz_datarequest_firstname\" class=\"cmplz-first-name\">Name\t\t\t\t\t<input type=\"search\" class=\"datarequest-firstname\" value=\"\" placeholder=\"Ihr Vorname\" id=\"cmplz_datarequest_firstname\" name=\"cmplz_datarequest_firstname\" >\n\t\t\t\t<\/label>\n\t\t\t\t<div>\n\t\t\t\t\t<label for=\"cmplz_datarequest_name\">Name<\/label>\n\t\t\t\t\t<input type=\"text\" required value=\"\" placeholder=\"Dein Name\" id=\"cmplz_datarequest_name\" name=\"cmplz_datarequest_name\">\n\t\t\t\t<\/div>\n\t\t\t\t<div>\n\t\t\t\t\t<label for=\"cmplz_datarequest_email\">E-Mail<\/label>\n\t\t\t\t\t<input type=\"email\" required value=\"\" placeholder=\"email@email.com\" id=\"cmplz_datarequest_email\" name=\"cmplz_datarequest_email\">\n\t\t\t\t<\/div>\n\t\t\t\t\t\t\t\t\t\t<div class=\"cmplz_datarequest cmplz_datarequest_request_for_access\">\n\t\t\t\t\t\t\t<label for=\"cmplz_datarequest_request_for_access\">\n\t\t\t\t\t\t\t\t<input type=\"checkbox\" value=\"1\" name=\"cmplz_datarequest_request_for_access\" id=\"cmplz_datarequest_request_for_access\"\/>\n\t\t\t\t\t\t\t\tStelle einen Antrag auf Zugang zu den Daten, die wir \u00fcber dich verarbeiten.\t\t\t\t\t\t\t<\/label>\n\t\t\t\t\t\t<\/div>\n\t\t\t\t\t\t\t\t\t\t<div class=\"cmplz_datarequest cmplz_datarequest_right_to_be_forgotten\">\n\t\t\t\t\t\t\t<label for=\"cmplz_datarequest_right_to_be_forgotten\">\n\t\t\t\t\t\t\t\t<input type=\"checkbox\" value=\"1\" name=\"cmplz_datarequest_right_to_be_forgotten\" id=\"cmplz_datarequest_right_to_be_forgotten\"\/>\n\t\t\t\t\t\t\t\tStelle einen Antrag auf L\u00f6schung der Daten, wenn sie nicht mehr relevant sind.\t\t\t\t\t\t\t<\/label>\n\t\t\t\t\t\t<\/div>\n\t\t\t\t\t\t\t\t\t\t<div class=\"cmplz_datarequest cmplz_datarequest_right_to_data_portability\">\n\t\t\t\t\t\t\t<label for=\"cmplz_datarequest_right_to_data_portability\">\n\t\t\t\t\t\t\t\t<input type=\"checkbox\" value=\"1\" name=\"cmplz_datarequest_right_to_data_portability\" id=\"cmplz_datarequest_right_to_data_portability\"\/>\n\t\t\t\t\t\t\t\tStelle einen Antrag auf eine Exportdatei der Daten, die wir \u00fcber dich verarbeiten.\t\t\t\t\t\t\t<\/label>\n\t\t\t\t\t\t<\/div>\n\t\t\t\t\t\t\t\t<input type=\"button\" id=\"cmplz-datarequest-submit\"  value=\"Senden\">\n\t\t\t<input type=\"hidden\" name=\"trp-form-language\" value=\"de\"\/><\/form>\n\n\t\t\t<style>\n\t\t\t\t\/* first-name is honeypot *\/\n\t\t\t\t.cmplz-first-name {\n\t\t\t\t\tposition: absolute !important;\n\t\t\t\t\tleft: -5000px !important;\n\t\t\t\t}\n\t\t\t<\/style>\n\t\t\t<\/p><\/div>","protected":false},"excerpt":{"rendered":"","protected":false},"author":15,"featured_media":0,"parent":0,"menu_order":0,"comment_status":"closed","ping_status":"closed","template":"","meta":{"_uag_custom_page_level_css":"","footnotes":""},"class_list":["post-1528","page","type-page","status-publish","hentry"],"yoast_head":"<!-- This site is optimized with the Yoast SEO Premium plugin v27.3 (Yoast SEO v27.3) - https:\/\/yoast.com\/product\/yoast-seo-premium-wordpress\/ -->\n<title>Privacy Statement (BR) - Islas24 info<\/title>\n<meta name=\"robots\" content=\"index, follow, max-snippet:-1, max-image-preview:large, max-video-preview:-1\" \/>\n<link rel=\"canonical\" href=\"https:\/\/islas24.info\/de\/privacy-statement-br\/\" \/>\n<meta property=\"og:locale\" content=\"de_DE\" \/>\n<meta property=\"og:type\" content=\"article\" \/>\n<meta property=\"og:title\" content=\"Privacy Statement (BR)\" \/>\n<meta property=\"og:url\" content=\"https:\/\/islas24.info\/de\/privacy-statement-br\/\" \/>\n<meta property=\"og:site_name\" content=\"Islas24 info\" \/>\n<meta property=\"article:publisher\" content=\"https:\/\/www.facebook.com\/islas24.info\" \/>\n<script type=\"application\/ld+json\" class=\"yoast-schema-graph\">{\"@context\":\"https:\\\/\\\/schema.org\",\"@graph\":[{\"@type\":\"WebPage\",\"@id\":\"https:\\\/\\\/islas24.info\\\/privacy-statement-br\\\/\",\"url\":\"https:\\\/\\\/islas24.info\\\/privacy-statement-br\\\/\",\"name\":\"Privacy Statement (BR) - Islas24 info\",\"isPartOf\":{\"@id\":\"https:\\\/\\\/islas24.info\\\/#website\"},\"datePublished\":\"2025-05-07T14:20:35+00:00\",\"breadcrumb\":{\"@id\":\"https:\\\/\\\/islas24.info\\\/privacy-statement-br\\\/#breadcrumb\"},\"inLanguage\":\"de\",\"potentialAction\":[{\"@type\":\"ReadAction\",\"target\":[\"https:\\\/\\\/islas24.info\\\/privacy-statement-br\\\/\"]}]},{\"@type\":\"BreadcrumbList\",\"@id\":\"https:\\\/\\\/islas24.info\\\/privacy-statement-br\\\/#breadcrumb\",\"itemListElement\":[{\"@type\":\"ListItem\",\"position\":1,\"name\":\"Inicio\",\"item\":\"https:\\\/\\\/islas24.info\\\/\"},{\"@type\":\"ListItem\",\"position\":2,\"name\":\"Privacy Statement (BR)\"}]},{\"@type\":\"WebSite\",\"@id\":\"https:\\\/\\\/islas24.info\\\/#website\",\"url\":\"https:\\\/\\\/islas24.info\\\/\",\"name\":\"Islas24.info\",\"description\":\"Encuentra lo que buscas\",\"publisher\":{\"@id\":\"https:\\\/\\\/islas24.info\\\/#organization\"},\"potentialAction\":[{\"@type\":\"SearchAction\",\"target\":{\"@type\":\"EntryPoint\",\"urlTemplate\":\"https:\\\/\\\/islas24.info\\\/?s={search_term_string}\"},\"query-input\":{\"@type\":\"PropertyValueSpecification\",\"valueRequired\":true,\"valueName\":\"search_term_string\"}}],\"inLanguage\":\"de\"},{\"@type\":\"Organization\",\"@id\":\"https:\\\/\\\/islas24.info\\\/#organization\",\"name\":\"Islas24.info\",\"url\":\"https:\\\/\\\/islas24.info\\\/\",\"logo\":{\"@type\":\"ImageObject\",\"inLanguage\":\"de\",\"@id\":\"https:\\\/\\\/islas24.info\\\/#\\\/schema\\\/logo\\\/image\\\/\",\"url\":\"https:\\\/\\\/islas24.info\\\/wp-content\\\/uploads\\\/2024\\\/06\\\/islas24.info_es.png\",\"contentUrl\":\"https:\\\/\\\/islas24.info\\\/wp-content\\\/uploads\\\/2024\\\/06\\\/islas24.info_es.png\",\"width\":354,\"height\":80,\"caption\":\"Islas24.info\"},\"image\":{\"@id\":\"https:\\\/\\\/islas24.info\\\/#\\\/schema\\\/logo\\\/image\\\/\"},\"sameAs\":[\"https:\\\/\\\/www.facebook.com\\\/islas24.info\",\"https:\\\/\\\/www.instagram.com\\\/islas24info\"],\"publishingPrinciples\":\"https:\\\/\\\/islas24.info\\\/aviso-legal\\\/\",\"ownershipFundingInfo\":\"https:\\\/\\\/islas24.info\\\/aviso-legal\\\/\",\"actionableFeedbackPolicy\":\"https:\\\/\\\/islas24.info\\\/aviso-legal\\\/\"}]}<\/script>\n<!-- \/ Yoast SEO Premium plugin. -->","yoast_head_json":{"title":"Privacy Statement (BR) - Islas24 info","robots":{"index":"index","follow":"follow","max-snippet":"max-snippet:-1","max-image-preview":"max-image-preview:large","max-video-preview":"max-video-preview:-1"},"canonical":"https:\/\/islas24.info\/de\/privacy-statement-br\/","og_locale":"de_DE","og_type":"article","og_title":"Privacy Statement (BR)","og_url":"https:\/\/islas24.info\/de\/privacy-statement-br\/","og_site_name":"Islas24 info","article_publisher":"https:\/\/www.facebook.com\/islas24.info","schema":{"@context":"https:\/\/schema.org","@graph":[{"@type":"WebPage","@id":"https:\/\/islas24.info\/privacy-statement-br\/","url":"https:\/\/islas24.info\/privacy-statement-br\/","name":"Privacy Statement (BR) - Islas24 info","isPartOf":{"@id":"https:\/\/islas24.info\/#website"},"datePublished":"2025-05-07T14:20:35+00:00","breadcrumb":{"@id":"https:\/\/islas24.info\/privacy-statement-br\/#breadcrumb"},"inLanguage":"de","potentialAction":[{"@type":"ReadAction","target":["https:\/\/islas24.info\/privacy-statement-br\/"]}]},{"@type":"BreadcrumbList","@id":"https:\/\/islas24.info\/privacy-statement-br\/#breadcrumb","itemListElement":[{"@type":"ListItem","position":1,"name":"Inicio","item":"https:\/\/islas24.info\/"},{"@type":"ListItem","position":2,"name":"Privacy Statement (BR)"}]},{"@type":"WebSite","@id":"https:\/\/islas24.info\/#website","url":"https:\/\/islas24.info\/","name":"Islas24.info","description":"Finden Sie, was Sie suchen","publisher":{"@id":"https:\/\/islas24.info\/#organization"},"potentialAction":[{"@type":"SearchAction","target":{"@type":"EntryPoint","urlTemplate":"https:\/\/islas24.info\/?s={search_term_string}"},"query-input":{"@type":"PropertyValueSpecification","valueRequired":true,"valueName":"search_term_string"}}],"inLanguage":"de"},{"@type":"Organization","@id":"https:\/\/islas24.info\/#organization","name":"Islas24.info","url":"https:\/\/islas24.info\/","logo":{"@type":"ImageObject","inLanguage":"de","@id":"https:\/\/islas24.info\/#\/schema\/logo\/image\/","url":"https:\/\/islas24.info\/wp-content\/uploads\/2024\/06\/islas24.info_es.png","contentUrl":"https:\/\/islas24.info\/wp-content\/uploads\/2024\/06\/islas24.info_es.png","width":354,"height":80,"caption":"Islas24.info"},"image":{"@id":"https:\/\/islas24.info\/#\/schema\/logo\/image\/"},"sameAs":["https:\/\/www.facebook.com\/islas24.info","https:\/\/www.instagram.com\/islas24info"],"publishingPrinciples":"https:\/\/islas24.info\/aviso-legal\/","ownershipFundingInfo":"https:\/\/islas24.info\/aviso-legal\/","actionableFeedbackPolicy":"https:\/\/islas24.info\/aviso-legal\/"}]}},"uagb_featured_image_src":{"full":false,"thumbnail":false,"medium":false,"medium_large":false,"large":false,"1536x1536":false,"2048x2048":false,"trp-custom-language-flag":false,"hp_square_small":false,"hp_landscape_small":false,"hp_landscape_large":false,"ht_portrait_small":false,"ht_landscape_large":false,"ht_cover_large":false,"woocommerce_thumbnail":false,"woocommerce_single":false,"woocommerce_gallery_thumbnail":false},"uagb_author_info":{"display_name":"Islas24","author_link":"https:\/\/islas24.info\/de\/author\/islas24\/"},"uagb_comment_info":0,"uagb_excerpt":null,"_links":{"self":[{"href":"https:\/\/islas24.info\/de\/wp-json\/wp\/v2\/pages\/1528","targetHints":{"allow":["GET"]}}],"collection":[{"href":"https:\/\/islas24.info\/de\/wp-json\/wp\/v2\/pages"}],"about":[{"href":"https:\/\/islas24.info\/de\/wp-json\/wp\/v2\/types\/page"}],"author":[{"embeddable":true,"href":"https:\/\/islas24.info\/de\/wp-json\/wp\/v2\/users\/15"}],"replies":[{"embeddable":true,"href":"https:\/\/islas24.info\/de\/wp-json\/wp\/v2\/comments?post=1528"}],"version-history":[{"count":0,"href":"https:\/\/islas24.info\/de\/wp-json\/wp\/v2\/pages\/1528\/revisions"}],"wp:attachment":[{"href":"https:\/\/islas24.info\/de\/wp-json\/wp\/v2\/media?parent=1528"}],"curies":[{"name":"wp","href":"https:\/\/api.w.org\/{rel}","templated":true}]}}